{"id":9,"date":"2024-09-27T16:01:50","date_gmt":"2024-09-27T13:01:50","guid":{"rendered":"https:\/\/andrisisask.ee\/balticlive\/about\/"},"modified":"2025-11-06T22:24:35","modified_gmt":"2025-11-06T20:24:35","slug":"meist","status":"publish","type":"page","link":"https:\/\/balticlive.ee\/en\/meist\/","title":{"rendered":"About Us"},"content":{"rendered":"<div data-elementor-type=\"wp-page\" data-elementor-id=\"9\" class=\"elementor elementor-9\">\n\t\t\t\t<div class=\"elementor-element elementor-element-226062e e-flex e-con-boxed e-con e-parent\" data-id=\"226062e\" data-element_type=\"container\" data-e-type=\"container\">\n\t\t\t\t\t<div class=\"e-con-inner\">\n\t\t<div class=\"elementor-element elementor-element-43d3ead e-con-full e-flex e-con e-child\" data-id=\"43d3ead\" data-element_type=\"container\" data-e-type=\"container\">\n\t\t\t\t<div class=\"elementor-element elementor-element-f15f6d2 elementor-widget elementor-widget-heading\" data-id=\"f15f6d2\" data-element_type=\"widget\" data-e-type=\"widget\" data-widget_type=\"heading.default\">\n\t\t\t\t<div class=\"elementor-widget-container\">\n\t\t\t\t\t<h2 class=\"elementor-heading-title elementor-size-default\">Baltic Live Agency<\/h2>\t\t\t\t<\/div>\n\t\t\t\t<\/div>\n\t\t\t\t<div class=\"elementor-element elementor-element-8e34047 elementor-widget elementor-widget-text-editor\" data-id=\"8e34047\" data-element_type=\"widget\" data-e-type=\"widget\" data-widget_type=\"text-editor.default\">\n\t\t\t\t<div class=\"elementor-widget-container\">\n\t\t\t\t\t\t\t\t\t<p><b style=\"font-style: inherit;\">Baltic Live Agency O\u00dc presents world-class artists to the stage and delivers unforgettable live experiences.<\/b><\/p><p><b>Behind the agency is a team of music industry veterans with proven global experience.<\/b><\/p><p>Notable projects include David Guetta \u201cThe Monolith Stadium Tour 2025\u201d <em>show<\/em>Armin van Buureni concert, and Steve Aoki &amp; Alan Walkeri performances at Tallinn Song Festival Ground and Judas Priest and Manowar concerts at Unibet Arena.<\/p>\t\t\t\t\t\t\t\t<\/div>\n\t\t\t\t<\/div>\n\t\t\t\t<\/div>\n\t\t<div class=\"elementor-element elementor-element-1d172ac e-con-full e-flex e-con e-child\" data-id=\"1d172ac\" data-element_type=\"container\" data-e-type=\"container\">\n\t\t\t\t<div class=\"elementor-element elementor-element-ba3aee5 e-transform elementor-widget elementor-widget-image\" data-id=\"ba3aee5\" data-element_type=\"widget\" data-e-type=\"widget\" data-settings=\"{&quot;_transform_skewX_effect&quot;:{&quot;unit&quot;:&quot;px&quot;,&quot;size&quot;:&quot;&quot;,&quot;sizes&quot;:[]},&quot;_transform_skewX_effect_tablet&quot;:{&quot;unit&quot;:&quot;deg&quot;,&quot;size&quot;:&quot;&quot;,&quot;sizes&quot;:[]},&quot;_transform_skewX_effect_mobile&quot;:{&quot;unit&quot;:&quot;deg&quot;,&quot;size&quot;:&quot;&quot;,&quot;sizes&quot;:[]},&quot;_transform_skewY_effect&quot;:{&quot;unit&quot;:&quot;px&quot;,&quot;size&quot;:&quot;&quot;,&quot;sizes&quot;:[]},&quot;_transform_skewY_effect_tablet&quot;:{&quot;unit&quot;:&quot;deg&quot;,&quot;size&quot;:&quot;&quot;,&quot;sizes&quot;:[]},&quot;_transform_skewY_effect_mobile&quot;:{&quot;unit&quot;:&quot;deg&quot;,&quot;size&quot;:&quot;&quot;,&quot;sizes&quot;:[]}}\" data-widget_type=\"image.default\">\n\t\t\t\t<div class=\"elementor-widget-container\">\n\t\t\t\t\t\t\t\t\t\t\t\t\t\t\t<img loading=\"lazy\" decoding=\"async\" width=\"788\" height=\"1280\" src=\"https:\/\/balticlive.ee\/wp-content\/uploads\/about-me-2.jpg\" class=\"attachment-full size-full wp-image-3868\" alt=\"\" srcset=\"https:\/\/balticlive.ee\/wp-content\/uploads\/about-me-2.jpg 788w, https:\/\/balticlive.ee\/wp-content\/uploads\/about-me-2-185x300.jpg 185w, https:\/\/balticlive.ee\/wp-content\/uploads\/about-me-2-630x1024.jpg 630w, https:\/\/balticlive.ee\/wp-content\/uploads\/about-me-2-768x1248.jpg 768w\" sizes=\"auto, (max-width: 788px) 100vw, 788px\" \/>\t\t\t\t\t\t\t\t\t\t\t\t\t\t\t<\/div>\n\t\t\t\t<\/div>\n\t\t\t\t<\/div>\n\t\t<div class=\"elementor-element elementor-element-bd0c743 e-con-full e-flex e-con e-child\" data-id=\"bd0c743\" data-element_type=\"container\" data-e-type=\"container\">\n\t\t\t\t<div class=\"elementor-element elementor-element-d36989a elementor-widget elementor-widget-heading\" data-id=\"d36989a\" data-element_type=\"widget\" data-e-type=\"widget\" data-widget_type=\"heading.default\">\n\t\t\t\t<div class=\"elementor-widget-container\">\n\t\t\t\t\t<h3 class=\"elementor-heading-title elementor-size-default\">Concerts organized by Us:<\/h3>\t\t\t\t<\/div>\n\t\t\t\t<\/div>\n\t\t\t\t<div class=\"elementor-element elementor-element-51d06e7 elementor-align-start elementor-icon-list--layout-traditional elementor-list-item-link-full_width elementor-widget elementor-widget-icon-list\" data-id=\"51d06e7\" data-element_type=\"widget\" data-e-type=\"widget\" data-widget_type=\"icon-list.default\">\n\t\t\t\t<div class=\"elementor-widget-container\">\n\t\t\t\t\t\t\t<ul class=\"elementor-icon-list-items\">\n\t\t\t\t\t\t\t<li class=\"elementor-icon-list-item\">\n\t\t\t\t\t\t\t\t\t\t\t<span class=\"elementor-icon-list-icon\">\n\t\t\t\t\t\t\t<i aria-hidden=\"true\" class=\"fas fa-arrow-circle-right\"><\/i>\t\t\t\t\t\t<\/span>\n\t\t\t\t\t\t\t\t\t\t<span class=\"elementor-icon-list-text\">David Guetta<\/span>\n\t\t\t\t\t\t\t\t\t<\/li>\n\t\t\t\t\t\t\t\t<li class=\"elementor-icon-list-item\">\n\t\t\t\t\t\t\t\t\t\t\t<span class=\"elementor-icon-list-icon\">\n\t\t\t\t\t\t\t<i aria-hidden=\"true\" class=\"fas fa-arrow-circle-right\"><\/i>\t\t\t\t\t\t<\/span>\n\t\t\t\t\t\t\t\t\t\t<span class=\"elementor-icon-list-text\">50 Cent<\/span>\n\t\t\t\t\t\t\t\t\t<\/li>\n\t\t\t\t\t\t\t\t<li class=\"elementor-icon-list-item\">\n\t\t\t\t\t\t\t\t\t\t\t<span class=\"elementor-icon-list-icon\">\n\t\t\t\t\t\t\t<i aria-hidden=\"true\" class=\"fas fa-arrow-alt-circle-right\"><\/i>\t\t\t\t\t\t<\/span>\n\t\t\t\t\t\t\t\t\t\t<span class=\"elementor-icon-list-text\">Judas Priest<\/span>\n\t\t\t\t\t\t\t\t\t<\/li>\n\t\t\t\t\t\t\t\t<li class=\"elementor-icon-list-item\">\n\t\t\t\t\t\t\t\t\t\t\t<span class=\"elementor-icon-list-icon\">\n\t\t\t\t\t\t\t<i aria-hidden=\"true\" class=\"fas fa-arrow-alt-circle-right\"><\/i>\t\t\t\t\t\t<\/span>\n\t\t\t\t\t\t\t\t\t\t<span class=\"elementor-icon-list-text\">Manowar<\/span>\n\t\t\t\t\t\t\t\t\t<\/li>\n\t\t\t\t\t\t\t\t<li class=\"elementor-icon-list-item\">\n\t\t\t\t\t\t\t\t\t\t\t<span class=\"elementor-icon-list-icon\">\n\t\t\t\t\t\t\t<i aria-hidden=\"true\" class=\"fas fa-arrow-alt-circle-right\"><\/i>\t\t\t\t\t\t<\/span>\n\t\t\t\t\t\t\t\t\t\t<span class=\"elementor-icon-list-text\">Armin van Buuren<\/span>\n\t\t\t\t\t\t\t\t\t<\/li>\n\t\t\t\t\t\t<\/ul>\n\t\t\t\t\t\t<\/div>\n\t\t\t\t<\/div>\n\t\t\t\t<div class=\"elementor-element elementor-element-542e002 elementor-widget elementor-widget-heading\" data-id=\"542e002\" data-element_type=\"widget\" data-e-type=\"widget\" data-widget_type=\"heading.default\">\n\t\t\t\t<div class=\"elementor-widget-container\">\n\t\t\t\t\t<h3 class=\"elementor-heading-title elementor-size-default\">Our mission:<\/h3>\t\t\t\t<\/div>\n\t\t\t\t<\/div>\n\t\t\t\t<div class=\"elementor-element elementor-element-92b8a6a elementor-align-start elementor-icon-list--layout-traditional elementor-list-item-link-full_width elementor-widget elementor-widget-icon-list\" data-id=\"92b8a6a\" data-element_type=\"widget\" data-e-type=\"widget\" data-widget_type=\"icon-list.default\">\n\t\t\t\t<div class=\"elementor-widget-container\">\n\t\t\t\t\t\t\t<ul class=\"elementor-icon-list-items\">\n\t\t\t\t\t\t\t<li class=\"elementor-icon-list-item\">\n\t\t\t\t\t\t\t\t\t\t\t<span class=\"elementor-icon-list-icon\">\n\t\t\t\t\t\t\t<i aria-hidden=\"true\" class=\"fas fa-arrow-alt-circle-right\"><\/i>\t\t\t\t\t\t<\/span>\n\t\t\t\t\t\t\t\t\t\t<span class=\"elementor-icon-list-text\">To provide world-class entertainment experiences, ensuring the highest standards in both content and execution.<\/span>\n\t\t\t\t\t\t\t\t\t<\/li>\n\t\t\t\t\t\t<\/ul>\n\t\t\t\t\t\t<\/div>\n\t\t\t\t<\/div>\n\t\t\t\t<\/div>\n\t\t\t\t\t<\/div>\n\t\t\t\t<\/div>\n\t\t<div class=\"elementor-element elementor-element-5a3030c e-flex e-con-boxed e-con e-parent\" data-id=\"5a3030c\" data-element_type=\"container\" data-e-type=\"container\">\n\t\t\t\t\t<div class=\"e-con-inner\">\n\t\t\t\t<div class=\"elementor-element elementor-element-fcdb407 elementor-widget elementor-widget-text-editor\" data-id=\"fcdb407\" data-element_type=\"widget\" data-e-type=\"widget\" data-widget_type=\"text-editor.default\">\n\t\t\t\t<div class=\"elementor-widget-container\">\n\t\t\t\t\t\t\t\t\t<p>Kuigi <strong>Baltic Live Agency O\u00dc<\/strong> on noor ettev\u00f5te, on selle juhtidel <strong>Henri Lindalil<\/strong> ja <strong>Gunnar Viesel<\/strong> kahek\u00fcmneaastane kogemus kodumaiste ja rahvusvaheliste artistide kontsertide korraldamisel. Nende k\u00e4e all on Eestisse toodud muuhulgas sellised artistid nagu <strong>Green Day<\/strong>, <strong>30 Seconds To Mars<\/strong>, <strong>Nickelback<\/strong>, <strong>David Guetta<\/strong> ja paljud teised. Samuti on aastate jooksul tehtud mitmeid suuri produktsioone nagu <strong>Justin Bieber<\/strong>, <strong>Pitbull<\/strong> ja <strong>Jennifer Lopez<\/strong> Helsinkis, <strong>Bryan Adams<\/strong> Espoos.<\/p>\n<p class=\"translation-block\">In addition, a dance music festival <strong>Weekend Festival Baltic<\/strong> was held in P\u00e4rnu from 2015 to 2018 and <strong>Weekend Festival Finland<\/strong> in 2012, 2019 and 2023-2024.<\/p>\n<p><strong>Our vision:<\/strong> To become one of the leading music and entertainment event organizers in the Baltics.<\/p>\t\t\t\t\t\t\t\t<\/div>\n\t\t\t\t<\/div>\n\t\t\t\t\t<\/div>\n\t\t\t\t<\/div>\n\t\t\t\t<\/div>","protected":false},"excerpt":{"rendered":"<p>Baltic Live Agency Baltic Live Agency O\u00dc on kontsertkorraldusagentuur, mis toob lavale maailmatasemel artistid ja pakub unustamatuid elamusi. Agentuuris t\u00f6\u00f6tavad oma ala parimad, kel on pikaaegne kogemus rahvusvahelises muusikat\u00f6\u00f6stuses. Suurimad projektid viimastest aastatest on n\u00e4iteks David Guetta &#8220;The Monolith Stadium Tour 2025&#8221; show, Armin van Buureni kontsert ning Steve Aoki ja Alan Walkeri \u00fclesastumised Tallinna [&hellip;]<\/p>\n","protected":false},"author":5,"featured_media":0,"parent":0,"menu_order":0,"comment_status":"closed","ping_status":"closed","template":"","meta":{"_acf_changed":false,"_uag_custom_page_level_css":"","site-sidebar-layout":"no-sidebar","site-content-layout":"page-builder","ast-site-content-layout":"full-width-container","site-content-style":"unboxed","site-sidebar-style":"unboxed","ast-global-header-display":"","ast-banner-title-visibility":"","ast-main-header-display":"","ast-hfb-above-header-display":"","ast-hfb-below-header-display":"","ast-hfb-mobile-header-display":"","site-post-title":"disabled","ast-breadcrumbs-content":"","ast-featured-img":"disabled","footer-sml-layout":"","ast-disable-related-posts":"","theme-transparent-header-meta":"","adv-header-id-meta":"","stick-header-meta":"","header-above-stick-meta":"","header-main-stick-meta":"","header-below-stick-meta":"","astra-migrate-meta-layouts":"set","ast-page-background-enabled":"default","ast-page-background-meta":{"desktop":{"background-color":"var(--ast-global-color-4)","background-image":"","background-repeat":"repeat","background-position":"center center","background-size":"auto","background-attachment":"scroll","background-type":"","background-media":"","overlay-type":"","overlay-color":"","overlay-opacity":"","overlay-gradient":""},"tablet":{"background-color":"","background-image":"","background-repeat":"repeat","background-position":"center center","background-size":"auto","background-attachment":"scroll","background-type":"","background-media":"","overlay-type":"","overlay-color":"","overlay-opacity":"","overlay-gradient":""},"mobile":{"background-color":"","background-image":"","background-repeat":"repeat","background-position":"center center","background-size":"auto","background-attachment":"scroll","background-type":"","background-media":"","overlay-type":"","overlay-color":"","overlay-opacity":"","overlay-gradient":""}},"ast-content-background-meta":{"desktop":{"background-color":"var(--ast-global-color-5)","background-image":"","background-repeat":"repeat","background-position":"center center","background-size":"auto","background-attachment":"scroll","background-type":"","background-media":"","overlay-type":"","overlay-color":"","overlay-opacity":"","overlay-gradient":""},"tablet":{"background-color":"var(--ast-global-color-5)","background-image":"","background-repeat":"repeat","background-position":"center center","background-size":"auto","background-attachment":"scroll","background-type":"","background-media":"","overlay-type":"","overlay-color":"","overlay-opacity":"","overlay-gradient":""},"mobile":{"background-color":"var(--ast-global-color-5)","background-image":"","background-repeat":"repeat","background-position":"center center","background-size":"auto","background-attachment":"scroll","background-type":"","background-media":"","overlay-type":"","overlay-color":"","overlay-opacity":"","overlay-gradient":""}},"footnotes":""},"class_list":["post-9","page","type-page","status-publish","hentry"],"acf":[],"yoast_head":"<!-- This site is optimized with the Yoast SEO plugin v27.2 - https:\/\/yoast.com\/product\/yoast-seo-wordpress\/ -->\n<title>Meist | Baltic Live Agency<\/title>\n<meta name=\"robots\" content=\"index, follow, max-snippet:-1, max-image-preview:large, max-video-preview:-1\" \/>\n<link rel=\"canonical\" href=\"https:\/\/balticlive.ee\/en\/meist\/\" \/>\n<meta property=\"og:locale\" content=\"en_GB\" \/>\n<meta property=\"og:type\" content=\"article\" \/>\n<meta property=\"og:title\" content=\"Meist | Baltic Live Agency\" \/>\n<meta property=\"og:description\" content=\"Baltic Live Agency Baltic Live Agency O\u00dc on kontsertkorraldusagentuur, mis toob lavale maailmatasemel artistid ja pakub unustamatuid elamusi. Agentuuris t\u00f6\u00f6tavad oma ala parimad, kel on pikaaegne kogemus rahvusvahelises muusikat\u00f6\u00f6stuses. Suurimad projektid viimastest aastatest on n\u00e4iteks David Guetta &#8220;The Monolith Stadium Tour 2025&#8221; show, Armin van Buureni kontsert ning Steve Aoki ja Alan Walkeri \u00fclesastumised Tallinna [&hellip;]\" \/>\n<meta property=\"og:url\" content=\"https:\/\/balticlive.ee\/en\/meist\/\" \/>\n<meta property=\"og:site_name\" content=\"Baltic Live Agency\" \/>\n<meta property=\"article:publisher\" content=\"https:\/\/www.facebook.com\/kontsertklubi\" \/>\n<meta property=\"article:modified_time\" content=\"2025-11-06T20:24:35+00:00\" \/>\n<meta property=\"og:image\" content=\"https:\/\/balticlive.ee\/wp-content\/uploads\/about-me-2.jpg\" \/>\n\t<meta property=\"og:image:width\" content=\"788\" \/>\n\t<meta property=\"og:image:height\" content=\"1280\" \/>\n\t<meta property=\"og:image:type\" content=\"image\/jpeg\" \/>\n<meta name=\"twitter:card\" content=\"summary_large_image\" \/>\n<meta name=\"twitter:label1\" content=\"Estimated reading time\" \/>\n\t<meta name=\"twitter:data1\" content=\"2 minutes\" \/>\n<script type=\"application\/ld+json\" class=\"yoast-schema-graph\">{\"@context\":\"https:\/\/schema.org\",\"@graph\":[{\"@type\":\"WebPage\",\"@id\":\"https:\/\/balticlive.ee\/meist\/\",\"url\":\"https:\/\/balticlive.ee\/meist\/\",\"name\":\"Meist | Baltic Live Agency\",\"isPartOf\":{\"@id\":\"https:\/\/balticlive.ee\/#website\"},\"primaryImageOfPage\":{\"@id\":\"https:\/\/balticlive.ee\/meist\/#primaryimage\"},\"image\":{\"@id\":\"https:\/\/balticlive.ee\/meist\/#primaryimage\"},\"thumbnailUrl\":\"https:\/\/balticlive.ee\/wp-content\/uploads\/about-me-2.jpg\",\"datePublished\":\"2024-09-27T13:01:50+00:00\",\"dateModified\":\"2025-11-06T20:24:35+00:00\",\"breadcrumb\":{\"@id\":\"https:\/\/balticlive.ee\/meist\/#breadcrumb\"},\"inLanguage\":\"en-GB\",\"potentialAction\":[{\"@type\":\"ReadAction\",\"target\":[\"https:\/\/balticlive.ee\/meist\/\"]}]},{\"@type\":\"ImageObject\",\"inLanguage\":\"en-GB\",\"@id\":\"https:\/\/balticlive.ee\/meist\/#primaryimage\",\"url\":\"https:\/\/balticlive.ee\/wp-content\/uploads\/about-me-2.jpg\",\"contentUrl\":\"https:\/\/balticlive.ee\/wp-content\/uploads\/about-me-2.jpg\"},{\"@type\":\"BreadcrumbList\",\"@id\":\"https:\/\/balticlive.ee\/meist\/#breadcrumb\",\"itemListElement\":[{\"@type\":\"ListItem\",\"position\":1,\"name\":\"Home\",\"item\":\"https:\/\/balticlive.ee\/\"},{\"@type\":\"ListItem\",\"position\":2,\"name\":\"Meist\"}]},{\"@type\":\"WebSite\",\"@id\":\"https:\/\/balticlive.ee\/#website\",\"url\":\"https:\/\/balticlive.ee\/\",\"name\":\"Baltic Live Agency\",\"description\":\"Creating Epic Moments\",\"publisher\":{\"@id\":\"https:\/\/balticlive.ee\/#organization\"},\"potentialAction\":[{\"@type\":\"SearchAction\",\"target\":{\"@type\":\"EntryPoint\",\"urlTemplate\":\"https:\/\/balticlive.ee\/?s={search_term_string}\"},\"query-input\":{\"@type\":\"PropertyValueSpecification\",\"valueRequired\":true,\"valueName\":\"search_term_string\"}}],\"inLanguage\":\"en-GB\"},{\"@type\":\"Organization\",\"@id\":\"https:\/\/balticlive.ee\/#organization\",\"name\":\"Baltic Live Agency O\u00dc\",\"url\":\"https:\/\/balticlive.ee\/\",\"logo\":{\"@type\":\"ImageObject\",\"inLanguage\":\"en-GB\",\"@id\":\"https:\/\/balticlive.ee\/#\/schema\/logo\/image\/\",\"url\":\"https:\/\/balticlive.ee\/wp-content\/uploads\/bla-dark.png\",\"contentUrl\":\"https:\/\/balticlive.ee\/wp-content\/uploads\/bla-dark.png\",\"width\":2252,\"height\":1000,\"caption\":\"Baltic Live Agency O\u00dc\"},\"image\":{\"@id\":\"https:\/\/balticlive.ee\/#\/schema\/logo\/image\/\"},\"sameAs\":[\"https:\/\/www.facebook.com\/kontsertklubi\",\"https:\/\/www.instagram.com\/kontsertklubi\"]}]}<\/script>\n<!-- \/ Yoast SEO plugin. -->","yoast_head_json":{"title":"Meist | Baltic Live Agency","robots":{"index":"index","follow":"follow","max-snippet":"max-snippet:-1","max-image-preview":"max-image-preview:large","max-video-preview":"max-video-preview:-1"},"canonical":"https:\/\/balticlive.ee\/en\/meist\/","og_locale":"en_GB","og_type":"article","og_title":"Meist | Baltic Live Agency","og_description":"Baltic Live Agency Baltic Live Agency O\u00dc on kontsertkorraldusagentuur, mis toob lavale maailmatasemel artistid ja pakub unustamatuid elamusi. Agentuuris t\u00f6\u00f6tavad oma ala parimad, kel on pikaaegne kogemus rahvusvahelises muusikat\u00f6\u00f6stuses. Suurimad projektid viimastest aastatest on n\u00e4iteks David Guetta &#8220;The Monolith Stadium Tour 2025&#8221; show, Armin van Buureni kontsert ning Steve Aoki ja Alan Walkeri \u00fclesastumised Tallinna [&hellip;]","og_url":"https:\/\/balticlive.ee\/en\/meist\/","og_site_name":"Baltic Live Agency","article_publisher":"https:\/\/www.facebook.com\/kontsertklubi","article_modified_time":"2025-11-06T20:24:35+00:00","og_image":[{"width":788,"height":1280,"url":"https:\/\/balticlive.ee\/wp-content\/uploads\/about-me-2.jpg","type":"image\/jpeg"}],"twitter_card":"summary_large_image","twitter_misc":{"Estimated reading time":"2 minutes"},"schema":{"@context":"https:\/\/schema.org","@graph":[{"@type":"WebPage","@id":"https:\/\/balticlive.ee\/meist\/","url":"https:\/\/balticlive.ee\/meist\/","name":"Meist | Baltic Live Agency","isPartOf":{"@id":"https:\/\/balticlive.ee\/#website"},"primaryImageOfPage":{"@id":"https:\/\/balticlive.ee\/meist\/#primaryimage"},"image":{"@id":"https:\/\/balticlive.ee\/meist\/#primaryimage"},"thumbnailUrl":"https:\/\/balticlive.ee\/wp-content\/uploads\/about-me-2.jpg","datePublished":"2024-09-27T13:01:50+00:00","dateModified":"2025-11-06T20:24:35+00:00","breadcrumb":{"@id":"https:\/\/balticlive.ee\/meist\/#breadcrumb"},"inLanguage":"en-GB","potentialAction":[{"@type":"ReadAction","target":["https:\/\/balticlive.ee\/meist\/"]}]},{"@type":"ImageObject","inLanguage":"en-GB","@id":"https:\/\/balticlive.ee\/meist\/#primaryimage","url":"https:\/\/balticlive.ee\/wp-content\/uploads\/about-me-2.jpg","contentUrl":"https:\/\/balticlive.ee\/wp-content\/uploads\/about-me-2.jpg"},{"@type":"BreadcrumbList","@id":"https:\/\/balticlive.ee\/meist\/#breadcrumb","itemListElement":[{"@type":"ListItem","position":1,"name":"Home","item":"https:\/\/balticlive.ee\/"},{"@type":"ListItem","position":2,"name":"Meist"}]},{"@type":"WebSite","@id":"https:\/\/balticlive.ee\/#website","url":"https:\/\/balticlive.ee\/","name":"Baltic Live Agency","description":"Creating Epic Moments","publisher":{"@id":"https:\/\/balticlive.ee\/#organization"},"potentialAction":[{"@type":"SearchAction","target":{"@type":"EntryPoint","urlTemplate":"https:\/\/balticlive.ee\/?s={search_term_string}"},"query-input":{"@type":"PropertyValueSpecification","valueRequired":true,"valueName":"search_term_string"}}],"inLanguage":"en-GB"},{"@type":"Organization","@id":"https:\/\/balticlive.ee\/#organization","name":"Baltic Live Agency O\u00dc","url":"https:\/\/balticlive.ee\/","logo":{"@type":"ImageObject","inLanguage":"en-GB","@id":"https:\/\/balticlive.ee\/#\/schema\/logo\/image\/","url":"https:\/\/balticlive.ee\/wp-content\/uploads\/bla-dark.png","contentUrl":"https:\/\/balticlive.ee\/wp-content\/uploads\/bla-dark.png","width":2252,"height":1000,"caption":"Baltic Live Agency O\u00dc"},"image":{"@id":"https:\/\/balticlive.ee\/#\/schema\/logo\/image\/"},"sameAs":["https:\/\/www.facebook.com\/kontsertklubi","https:\/\/www.instagram.com\/kontsertklubi"]}]}},"uagb_featured_image_src":{"full":false,"thumbnail":false,"medium":false,"medium_large":false,"large":false,"1536x1536":false,"2048x2048":false,"trp-custom-language-flag":false},"uagb_author_info":{"display_name":"andrisisask.ee","author_link":"https:\/\/balticlive.ee\/en\/author\/andri\/"},"uagb_comment_info":0,"uagb_excerpt":"Baltic Live Agency Baltic Live Agency O\u00dc on kontsertkorraldusagentuur, mis toob lavale maailmatasemel artistid ja pakub unustamatuid elamusi. Agentuuris t\u00f6\u00f6tavad oma ala parimad, kel on pikaaegne kogemus rahvusvahelises muusikat\u00f6\u00f6stuses. Suurimad projektid viimastest aastatest on n\u00e4iteks David Guetta &#8220;The Monolith Stadium Tour 2025&#8221; show, Armin van Buureni kontsert ning Steve Aoki ja Alan Walkeri \u00fclesastumised Tallinna&hellip;","_links":{"self":[{"href":"https:\/\/balticlive.ee\/en\/wp-json\/wp\/v2\/pages\/9","targetHints":{"allow":["GET"]}}],"collection":[{"href":"https:\/\/balticlive.ee\/en\/wp-json\/wp\/v2\/pages"}],"about":[{"href":"https:\/\/balticlive.ee\/en\/wp-json\/wp\/v2\/types\/page"}],"author":[{"embeddable":true,"href":"https:\/\/balticlive.ee\/en\/wp-json\/wp\/v2\/users\/5"}],"replies":[{"embeddable":true,"href":"https:\/\/balticlive.ee\/en\/wp-json\/wp\/v2\/comments?post=9"}],"version-history":[{"count":0,"href":"https:\/\/balticlive.ee\/en\/wp-json\/wp\/v2\/pages\/9\/revisions"}],"wp:attachment":[{"href":"https:\/\/balticlive.ee\/en\/wp-json\/wp\/v2\/media?parent=9"}],"curies":[{"name":"wp","href":"https:\/\/api.w.org\/{rel}","templated":true}]}}