{"id":4802,"date":"2025-03-21T11:16:02","date_gmt":"2025-03-21T09:16:02","guid":{"rendered":"https:\/\/balticlive.ee\/?page_id=4802"},"modified":"2025-08-28T09:49:55","modified_gmt":"2025-08-28T06:49:55","slug":"podcast","status":"publish","type":"page","link":"https:\/\/balticlive.ee\/en\/podcast\/","title":{"rendered":"Podcast"},"content":{"rendered":"<div data-elementor-type=\"wp-page\" data-elementor-id=\"4802\" class=\"elementor elementor-4802\">\n\t\t\t\t<div class=\"elementor-element elementor-element-226062e e-flex e-con-boxed e-con e-parent\" data-id=\"226062e\" data-element_type=\"container\" data-e-type=\"container\">\n\t\t\t\t\t<div class=\"e-con-inner\">\n\t\t<div class=\"elementor-element elementor-element-43d3ead e-con-full e-flex e-con e-child\" data-id=\"43d3ead\" data-element_type=\"container\" data-e-type=\"container\">\n\t\t\t\t<div class=\"elementor-element elementor-element-f15f6d2 elementor-widget elementor-widget-heading\" data-id=\"f15f6d2\" data-element_type=\"widget\" data-e-type=\"widget\" data-widget_type=\"heading.default\">\n\t\t\t\t<div class=\"elementor-widget-container\">\n\t\t\t\t\t<h2 class=\"elementor-heading-title elementor-size-default\">Baltic Live Sessions<\/h2>\t\t\t\t<\/div>\n\t\t\t\t<\/div>\n\t\t\t\t<div class=\"elementor-element elementor-element-c849aed elementor-hidden-mobile elementor-widget elementor-widget-image\" data-id=\"c849aed\" data-element_type=\"widget\" data-e-type=\"widget\" data-widget_type=\"image.default\">\n\t\t\t\t<div class=\"elementor-widget-container\">\n\t\t\t\t\t\t\t\t\t\t\t\t\t\t\t<img loading=\"lazy\" decoding=\"async\" width=\"2048\" height=\"751\" src=\"https:\/\/balticlive.ee\/wp-content\/uploads\/bla-podcast-3-2048x751.webp\" class=\"attachment-2048x2048 size-2048x2048 wp-image-4839\" alt=\"\" srcset=\"https:\/\/balticlive.ee\/wp-content\/uploads\/bla-podcast-3-2048x751.webp 2048w, https:\/\/balticlive.ee\/wp-content\/uploads\/bla-podcast-3-300x110.webp 300w, https:\/\/balticlive.ee\/wp-content\/uploads\/bla-podcast-3-1024x376.webp 1024w, https:\/\/balticlive.ee\/wp-content\/uploads\/bla-podcast-3-768x282.webp 768w, https:\/\/balticlive.ee\/wp-content\/uploads\/bla-podcast-3-1536x563.webp 1536w, https:\/\/balticlive.ee\/wp-content\/uploads\/bla-podcast-3-18x7.webp 18w\" sizes=\"auto, (max-width: 2048px) 100vw, 2048px\" \/>\t\t\t\t\t\t\t\t\t\t\t\t\t\t\t<\/div>\n\t\t\t\t<\/div>\n\t\t\t\t<div class=\"elementor-element elementor-element-3453f84 elementor-hidden-desktop elementor-hidden-tablet elementor-widget elementor-widget-image\" data-id=\"3453f84\" data-element_type=\"widget\" data-e-type=\"widget\" data-widget_type=\"image.default\">\n\t\t\t\t<div class=\"elementor-widget-container\">\n\t\t\t\t\t\t\t\t\t\t\t\t\t\t\t<img loading=\"lazy\" decoding=\"async\" width=\"640\" height=\"640\" src=\"https:\/\/balticlive.ee\/wp-content\/uploads\/ab6765630000ba8a1bd19276a7197426aa4d2c1e.jpeg\" class=\"attachment-large size-large wp-image-4830\" alt=\"\" srcset=\"https:\/\/balticlive.ee\/wp-content\/uploads\/ab6765630000ba8a1bd19276a7197426aa4d2c1e.jpeg 640w, https:\/\/balticlive.ee\/wp-content\/uploads\/ab6765630000ba8a1bd19276a7197426aa4d2c1e-300x300.jpeg 300w, https:\/\/balticlive.ee\/wp-content\/uploads\/ab6765630000ba8a1bd19276a7197426aa4d2c1e-150x150.jpeg 150w, https:\/\/balticlive.ee\/wp-content\/uploads\/ab6765630000ba8a1bd19276a7197426aa4d2c1e-12x12.jpeg 12w\" sizes=\"auto, (max-width: 640px) 100vw, 640px\" \/>\t\t\t\t\t\t\t\t\t\t\t\t\t\t\t<\/div>\n\t\t\t\t<\/div>\n\t\t\t\t<div class=\"elementor-element elementor-element-8e34047 elementor-widget elementor-widget-text-editor\" data-id=\"8e34047\" data-element_type=\"widget\" data-e-type=\"widget\" data-widget_type=\"text-editor.default\">\n\t\t\t\t<div class=\"elementor-widget-container\">\n\t\t\t\t\t\t\t\t\t<div><div class=\"TQXhY8PT8v1vogxO85c_\"><div class=\"e-9640-text encore-text-body-medium RKzJftL6TOVUXkXOPykT\" data-encore-id=\"text\"><div class=\"xgmjVLxjqfcXK5BV_XyN\">A podcast about the content and atmosphere of the music and entertainment business, the sweat and the tears. The guests are top local experts in their field, interviewed by music entrepreneur Henri Lindal.<\/div><\/div><\/div><\/div>\t\t\t\t\t\t\t\t<\/div>\n\t\t\t\t<\/div>\n\t\t\t\t<\/div>\n\t\t\t\t\t<\/div>\n\t\t\t\t<\/div>\n\t\t<div class=\"elementor-element elementor-element-5a3030c e-flex e-con-boxed e-con e-parent\" data-id=\"5a3030c\" data-element_type=\"container\" data-e-type=\"container\">\n\t\t\t\t\t<div class=\"e-con-inner\">\n\t\t\t\t<div class=\"elementor-element elementor-element-9282805 elementor-widget elementor-widget-heading\" data-id=\"9282805\" data-element_type=\"widget\" data-e-type=\"widget\" data-widget_type=\"heading.default\">\n\t\t\t\t<div class=\"elementor-widget-container\">\n\t\t\t\t\t<h2 class=\"elementor-heading-title elementor-size-default\">Episoodid<\/h2>\t\t\t\t<\/div>\n\t\t\t\t<\/div>\n\t\t\t\t<div class=\"elementor-element elementor-element-07619b7 elementor-tabs-view-horizontal elementor-widget elementor-widget-tabs\" data-id=\"07619b7\" data-element_type=\"widget\" data-e-type=\"widget\" data-widget_type=\"tabs.default\">\n\t\t\t\t<div class=\"elementor-widget-container\">\n\t\t\t\t\t\t\t<div class=\"elementor-tabs\">\n\t\t\t<div class=\"elementor-tabs-wrapper\" role=\"tablist\" >\n\t\t\t\t\t\t\t\t\t<div id=\"elementor-tab-title-7731\" class=\"elementor-tab-title elementor-tab-desktop-title\" aria-selected=\"true\" data-tab=\"1\" role=\"tab\" tabindex=\"0\" aria-controls=\"elementor-tab-content-7731\" aria-expanded=\"false\">BLS #6<\/div>\n\t\t\t\t\t\t\t\t\t<div id=\"elementor-tab-title-7732\" class=\"elementor-tab-title elementor-tab-desktop-title\" aria-selected=\"false\" data-tab=\"2\" role=\"tab\" tabindex=\"-1\" aria-controls=\"elementor-tab-content-7732\" aria-expanded=\"false\">BLS #5<\/div>\n\t\t\t\t\t\t\t\t\t<div id=\"elementor-tab-title-7733\" class=\"elementor-tab-title elementor-tab-desktop-title\" aria-selected=\"false\" data-tab=\"3\" role=\"tab\" tabindex=\"-1\" aria-controls=\"elementor-tab-content-7733\" aria-expanded=\"false\">BLS #4<\/div>\n\t\t\t\t\t\t\t\t\t<div id=\"elementor-tab-title-7734\" class=\"elementor-tab-title elementor-tab-desktop-title\" aria-selected=\"false\" data-tab=\"4\" role=\"tab\" tabindex=\"-1\" aria-controls=\"elementor-tab-content-7734\" aria-expanded=\"false\">BLS #3<\/div>\n\t\t\t\t\t\t\t\t\t<div id=\"elementor-tab-title-7735\" class=\"elementor-tab-title elementor-tab-desktop-title\" aria-selected=\"false\" data-tab=\"5\" role=\"tab\" tabindex=\"-1\" aria-controls=\"elementor-tab-content-7735\" aria-expanded=\"false\">BLS #2<\/div>\n\t\t\t\t\t\t\t\t\t<div id=\"elementor-tab-title-7736\" class=\"elementor-tab-title elementor-tab-desktop-title\" aria-selected=\"false\" data-tab=\"6\" role=\"tab\" tabindex=\"-1\" aria-controls=\"elementor-tab-content-7736\" aria-expanded=\"false\">BLS #1<\/div>\n\t\t\t\t\t\t\t<\/div>\n\t\t\t<div class=\"elementor-tabs-content-wrapper\" role=\"tablist\" aria-orientation=\"vertical\">\n\t\t\t\t\t\t\t\t\t<div class=\"elementor-tab-title elementor-tab-mobile-title\" aria-selected=\"true\" data-tab=\"1\" role=\"tab\" tabindex=\"0\" aria-controls=\"elementor-tab-content-7731\" aria-expanded=\"false\">BLS #6<\/div>\n\t\t\t\t\t<div id=\"elementor-tab-content-7731\" class=\"elementor-tab-content elementor-clearfix\" data-tab=\"1\" role=\"tabpanel\" aria-labelledby=\"elementor-tab-title-7731\" tabindex=\"0\" hidden=\"false\"><p><iframe loading=\"lazy\" style=\"border-radius: 12px;\" src=\"https:\/\/open.spotify.com\/embed\/episode\/0W0U8qgNj4cEkymM8aAPfe?utm_source=generator&amp;t=0\" width=\"100%\" height=\"352\" frameborder=\"0\" allowfullscreen=\"allowfullscreen\" data-testid=\"embed-iframe\"><\/iframe><\/p><\/div>\n\t\t\t\t\t\t\t\t\t<div class=\"elementor-tab-title elementor-tab-mobile-title\" aria-selected=\"false\" data-tab=\"2\" role=\"tab\" tabindex=\"-1\" aria-controls=\"elementor-tab-content-7732\" aria-expanded=\"false\">BLS #5<\/div>\n\t\t\t\t\t<div id=\"elementor-tab-content-7732\" class=\"elementor-tab-content elementor-clearfix\" data-tab=\"2\" role=\"tabpanel\" aria-labelledby=\"elementor-tab-title-7732\" tabindex=\"0\" hidden=\"hidden\"><p><iframe loading=\"lazy\" style=\"border-radius: 12px;\" src=\"https:\/\/open.spotify.com\/embed\/episode\/27GXNmF63taY0G6TxiKb2A?utm_source=generator\" width=\"100%\" height=\"352\" frameborder=\"0\" allowfullscreen=\"allowfullscreen\" data-testid=\"embed-iframe\"><\/iframe><\/p><\/div>\n\t\t\t\t\t\t\t\t\t<div class=\"elementor-tab-title elementor-tab-mobile-title\" aria-selected=\"false\" data-tab=\"3\" role=\"tab\" tabindex=\"-1\" aria-controls=\"elementor-tab-content-7733\" aria-expanded=\"false\">BLS #4<\/div>\n\t\t\t\t\t<div id=\"elementor-tab-content-7733\" class=\"elementor-tab-content elementor-clearfix\" data-tab=\"3\" role=\"tabpanel\" aria-labelledby=\"elementor-tab-title-7733\" tabindex=\"0\" hidden=\"hidden\"><p><iframe loading=\"lazy\" style=\"border-radius: 12px;\" src=\"https:\/\/open.spotify.com\/embed\/episode\/3dqXJBd6ya96uEJW565p3W?utm_source=generator\" width=\"100%\" height=\"352\" frameborder=\"0\" allowfullscreen=\"allowfullscreen\" data-testid=\"embed-iframe\"><\/iframe><\/p><\/div>\n\t\t\t\t\t\t\t\t\t<div class=\"elementor-tab-title elementor-tab-mobile-title\" aria-selected=\"false\" data-tab=\"4\" role=\"tab\" tabindex=\"-1\" aria-controls=\"elementor-tab-content-7734\" aria-expanded=\"false\">BLS #3<\/div>\n\t\t\t\t\t<div id=\"elementor-tab-content-7734\" class=\"elementor-tab-content elementor-clearfix\" data-tab=\"4\" role=\"tabpanel\" aria-labelledby=\"elementor-tab-title-7734\" tabindex=\"0\" hidden=\"hidden\"><iframe style=\"border-radius:12px\" src=\"https:\/\/open.spotify.com\/embed\/episode\/5WoIEjrekHn3KVYpyd70Ak?utm_source=generator\" width=\"100%\" height=\"352\" frameborder=\"0\" allowfullscreen=\"\" allow=\"autoplay; clipboard-write; encrypted-media; fullscreen; picture-in-picture\" loading=\"lazy\"><\/iframe><\/div>\n\t\t\t\t\t\t\t\t\t<div class=\"elementor-tab-title elementor-tab-mobile-title\" aria-selected=\"false\" data-tab=\"5\" role=\"tab\" tabindex=\"-1\" aria-controls=\"elementor-tab-content-7735\" aria-expanded=\"false\">BLS #2<\/div>\n\t\t\t\t\t<div id=\"elementor-tab-content-7735\" class=\"elementor-tab-content elementor-clearfix\" data-tab=\"5\" role=\"tabpanel\" aria-labelledby=\"elementor-tab-title-7735\" tabindex=\"0\" hidden=\"hidden\"><iframe style=\"border-radius:12px\" src=\"https:\/\/open.spotify.com\/embed\/episode\/2H4GOfRMwMIadqks3IuocV?utm_source=generator\" width=\"100%\" height=\"352\" frameborder=\"0\" allowfullscreen=\"\" allow=\"autoplay; clipboard-write; encrypted-media; fullscreen; picture-in-picture\" loading=\"lazy\"><\/iframe><\/div>\n\t\t\t\t\t\t\t\t\t<div class=\"elementor-tab-title elementor-tab-mobile-title\" aria-selected=\"false\" data-tab=\"6\" role=\"tab\" tabindex=\"-1\" aria-controls=\"elementor-tab-content-7736\" aria-expanded=\"false\">BLS #1<\/div>\n\t\t\t\t\t<div id=\"elementor-tab-content-7736\" class=\"elementor-tab-content elementor-clearfix\" data-tab=\"6\" role=\"tabpanel\" aria-labelledby=\"elementor-tab-title-7736\" tabindex=\"0\" hidden=\"hidden\"><iframe style=\"border-radius:12px\" src=\"https:\/\/open.spotify.com\/embed\/episode\/0JWc4ovfEM0uX2o4xXJI05?utm_source=generator\" width=\"100%\" height=\"352\" frameborder=\"0\" allowfullscreen=\"\" allow=\"autoplay; clipboard-write; encrypted-media; fullscreen; picture-in-picture\" loading=\"lazy\"><\/iframe><\/div>\n\t\t\t\t\t\t\t<\/div>\n\t\t<\/div>\n\t\t\t\t\t\t<\/div>\n\t\t\t\t<\/div>\n\t\t\t\t\t<\/div>\n\t\t\t\t<\/div>\n\t\t<div class=\"elementor-element elementor-element-90db629 e-flex e-con-boxed e-con e-parent\" data-id=\"90db629\" data-element_type=\"container\" data-e-type=\"container\">\n\t\t\t\t\t<div class=\"e-con-inner\">\n\t\t<div class=\"elementor-element elementor-element-b4317e6 e-con-full e-flex e-con e-child\" data-id=\"b4317e6\" data-element_type=\"container\" data-e-type=\"container\">\n\t\t\t\t<div class=\"elementor-element elementor-element-bda4e12 elementor-widget elementor-widget-text-editor\" data-id=\"bda4e12\" data-element_type=\"widget\" data-e-type=\"widget\" data-widget_type=\"text-editor.default\">\n\t\t\t\t<div class=\"elementor-widget-container\">\n\t\t\t\t\t\t\t\t\t<p>Or listen on the RSS.com <a href=\"https:\/\/player.rss.com\/httpsanchorfms1029f7560podcastrss\/latest\" target=\"_blank\" rel=\"noopener\">https:\/\/player.rss.com\/httpsanchorfms1029f7560podcastrss\/latest<\/a><\/p>\t\t\t\t\t\t\t\t<\/div>\n\t\t\t\t<\/div>\n\t\t\t\t<\/div>\n\t\t\t\t\t<\/div>\n\t\t\t\t<\/div>\n\t\t\t\t<\/div>","protected":false},"excerpt":{"rendered":"<p>Baltic Live Sessions Podcast muusika- ja meelelahutusettev\u00f5tluse sisust ja olust, higist ja pisaratest. Saate k\u00fclalisteks on oma ala kodumaised tipud, kellega vestleb muusikaettev\u00f5tja Henri Lindal. Episoodid BLS #6 BLS #5 BLS #4 BLS #3 BLS #2 BLS #1 BLS #6 BLS #5 BLS #4 BLS #3 BLS #2 BLS #1 V\u00f5i kuula RSS.com portaalis https:\/\/player.rss.com\/httpsanchorfms1029f7560podcastrss\/latest<\/p>","protected":false},"author":5,"featured_media":4834,"parent":0,"menu_order":0,"comment_status":"closed","ping_status":"closed","template":"","meta":{"_acf_changed":false,"_uag_custom_page_level_css":"","site-sidebar-layout":"no-sidebar","site-content-layout":"page-builder","ast-site-content-layout":"full-width-container","site-content-style":"unboxed","site-sidebar-style":"unboxed","ast-global-header-display":"","ast-banner-title-visibility":"","ast-main-header-display":"","ast-hfb-above-header-display":"","ast-hfb-below-header-display":"","ast-hfb-mobile-header-display":"","site-post-title":"","ast-breadcrumbs-content":"","ast-featured-img":"disabled","footer-sml-layout":"","ast-disable-related-posts":"","theme-transparent-header-meta":"","adv-header-id-meta":"","stick-header-meta":"","header-above-stick-meta":"","header-main-stick-meta":"","header-below-stick-meta":"","astra-migrate-meta-layouts":"set","ast-page-background-enabled":"default","ast-page-background-meta":{"desktop":{"background-color":"var(--ast-global-color-4)","background-image":"","background-repeat":"repeat","background-position":"center center","background-size":"auto","background-attachment":"scroll","background-type":"","background-media":"","overlay-type":"","overlay-color":"","overlay-opacity":"","overlay-gradient":""},"tablet":{"background-color":"","background-image":"","background-repeat":"repeat","background-position":"center center","background-size":"auto","background-attachment":"scroll","background-type":"","background-media":"","overlay-type":"","overlay-color":"","overlay-opacity":"","overlay-gradient":""},"mobile":{"background-color":"","background-image":"","background-repeat":"repeat","background-position":"center center","background-size":"auto","background-attachment":"scroll","background-type":"","background-media":"","overlay-type":"","overlay-color":"","overlay-opacity":"","overlay-gradient":""}},"ast-content-background-meta":{"desktop":{"background-color":"var(--ast-global-color-5)","background-image":"","background-repeat":"repeat","background-position":"center center","background-size":"auto","background-attachment":"scroll","background-type":"","background-media":"","overlay-type":"","overlay-color":"","overlay-opacity":"","overlay-gradient":""},"tablet":{"background-color":"var(--ast-global-color-5)","background-image":"","background-repeat":"repeat","background-position":"center center","background-size":"auto","background-attachment":"scroll","background-type":"","background-media":"","overlay-type":"","overlay-color":"","overlay-opacity":"","overlay-gradient":""},"mobile":{"background-color":"var(--ast-global-color-5)","background-image":"","background-repeat":"repeat","background-position":"center center","background-size":"auto","background-attachment":"scroll","background-type":"","background-media":"","overlay-type":"","overlay-color":"","overlay-opacity":"","overlay-gradient":""}},"footnotes":""},"class_list":["post-4802","page","type-page","status-publish","has-post-thumbnail","hentry"],"acf":[],"yoast_head":"<!-- This site is optimized with the Yoast SEO plugin v27.2 - https:\/\/yoast.com\/product\/yoast-seo-wordpress\/ -->\n<title>Podcast | Baltic Live Agency<\/title>\n<meta name=\"robots\" content=\"index, follow, max-snippet:-1, max-image-preview:large, max-video-preview:-1\" \/>\n<link rel=\"canonical\" href=\"https:\/\/balticlive.ee\/en\/podcast\/\" \/>\n<meta property=\"og:locale\" content=\"en_GB\" \/>\n<meta property=\"og:type\" content=\"article\" \/>\n<meta property=\"og:title\" content=\"Podcast | Baltic Live Agency\" \/>\n<meta property=\"og:description\" content=\"Baltic Live Sessions Podcast muusika- ja meelelahutusettev\u00f5tluse sisust ja olust, higist ja pisaratest. Saate k\u00fclalisteks on oma ala kodumaised tipud, kellega vestleb muusikaettev\u00f5tja Henri Lindal. Episoodid BLS #6 BLS #5 BLS #4 BLS #3 BLS #2 BLS #1 BLS #6 BLS #5 BLS #4 BLS #3 BLS #2 BLS #1 V\u00f5i kuula RSS.com portaalis https:\/\/player.rss.com\/httpsanchorfms1029f7560podcastrss\/latest\" \/>\n<meta property=\"og:url\" content=\"https:\/\/balticlive.ee\/en\/podcast\/\" \/>\n<meta property=\"og:site_name\" content=\"Baltic Live Agency\" \/>\n<meta property=\"article:publisher\" content=\"https:\/\/www.facebook.com\/kontsertklubi\" \/>\n<meta property=\"article:modified_time\" content=\"2025-08-28T06:49:55+00:00\" \/>\n<meta property=\"og:image\" content=\"https:\/\/balticlive.ee\/wp-content\/uploads\/bla-podcast-2-scaled.webp\" \/>\n\t<meta property=\"og:image:width\" content=\"2560\" \/>\n\t<meta property=\"og:image:height\" content=\"1223\" \/>\n\t<meta property=\"og:image:type\" content=\"image\/webp\" \/>\n<meta name=\"twitter:card\" content=\"summary_large_image\" \/>\n<meta name=\"twitter:label1\" content=\"Estimated reading time\" \/>\n\t<meta name=\"twitter:data1\" content=\"1 minute\" \/>\n<script type=\"application\/ld+json\" class=\"yoast-schema-graph\">{\"@context\":\"https:\/\/schema.org\",\"@graph\":[{\"@type\":\"WebPage\",\"@id\":\"https:\/\/balticlive.ee\/podcast\/\",\"url\":\"https:\/\/balticlive.ee\/podcast\/\",\"name\":\"Podcast | Baltic Live Agency\",\"isPartOf\":{\"@id\":\"https:\/\/balticlive.ee\/#website\"},\"primaryImageOfPage\":{\"@id\":\"https:\/\/balticlive.ee\/podcast\/#primaryimage\"},\"image\":{\"@id\":\"https:\/\/balticlive.ee\/podcast\/#primaryimage\"},\"thumbnailUrl\":\"https:\/\/balticlive.ee\/wp-content\/uploads\/bla-podcast-2-scaled.webp\",\"datePublished\":\"2025-03-21T09:16:02+00:00\",\"dateModified\":\"2025-08-28T06:49:55+00:00\",\"breadcrumb\":{\"@id\":\"https:\/\/balticlive.ee\/podcast\/#breadcrumb\"},\"inLanguage\":\"en-GB\",\"potentialAction\":[{\"@type\":\"ReadAction\",\"target\":[\"https:\/\/balticlive.ee\/podcast\/\"]}]},{\"@type\":\"ImageObject\",\"inLanguage\":\"en-GB\",\"@id\":\"https:\/\/balticlive.ee\/podcast\/#primaryimage\",\"url\":\"https:\/\/balticlive.ee\/wp-content\/uploads\/bla-podcast-2-scaled.webp\",\"contentUrl\":\"https:\/\/balticlive.ee\/wp-content\/uploads\/bla-podcast-2-scaled.webp\",\"width\":2560,\"height\":1223},{\"@type\":\"BreadcrumbList\",\"@id\":\"https:\/\/balticlive.ee\/podcast\/#breadcrumb\",\"itemListElement\":[{\"@type\":\"ListItem\",\"position\":1,\"name\":\"Home\",\"item\":\"https:\/\/balticlive.ee\/\"},{\"@type\":\"ListItem\",\"position\":2,\"name\":\"Podcast\"}]},{\"@type\":\"WebSite\",\"@id\":\"https:\/\/balticlive.ee\/#website\",\"url\":\"https:\/\/balticlive.ee\/\",\"name\":\"Baltic Live Agency\",\"description\":\"Creating Epic Moments\",\"publisher\":{\"@id\":\"https:\/\/balticlive.ee\/#organization\"},\"potentialAction\":[{\"@type\":\"SearchAction\",\"target\":{\"@type\":\"EntryPoint\",\"urlTemplate\":\"https:\/\/balticlive.ee\/?s={search_term_string}\"},\"query-input\":{\"@type\":\"PropertyValueSpecification\",\"valueRequired\":true,\"valueName\":\"search_term_string\"}}],\"inLanguage\":\"en-GB\"},{\"@type\":\"Organization\",\"@id\":\"https:\/\/balticlive.ee\/#organization\",\"name\":\"Baltic Live Agency O\u00dc\",\"url\":\"https:\/\/balticlive.ee\/\",\"logo\":{\"@type\":\"ImageObject\",\"inLanguage\":\"en-GB\",\"@id\":\"https:\/\/balticlive.ee\/#\/schema\/logo\/image\/\",\"url\":\"https:\/\/balticlive.ee\/wp-content\/uploads\/bla-dark.png\",\"contentUrl\":\"https:\/\/balticlive.ee\/wp-content\/uploads\/bla-dark.png\",\"width\":2252,\"height\":1000,\"caption\":\"Baltic Live Agency O\u00dc\"},\"image\":{\"@id\":\"https:\/\/balticlive.ee\/#\/schema\/logo\/image\/\"},\"sameAs\":[\"https:\/\/www.facebook.com\/kontsertklubi\",\"https:\/\/www.instagram.com\/kontsertklubi\"]}]}<\/script>\n<!-- \/ Yoast SEO plugin. -->","yoast_head_json":{"title":"Podcast | Baltic Live Agency","robots":{"index":"index","follow":"follow","max-snippet":"max-snippet:-1","max-image-preview":"max-image-preview:large","max-video-preview":"max-video-preview:-1"},"canonical":"https:\/\/balticlive.ee\/en\/podcast\/","og_locale":"en_GB","og_type":"article","og_title":"Podcast | Baltic Live Agency","og_description":"Baltic Live Sessions Podcast muusika- ja meelelahutusettev\u00f5tluse sisust ja olust, higist ja pisaratest. Saate k\u00fclalisteks on oma ala kodumaised tipud, kellega vestleb muusikaettev\u00f5tja Henri Lindal. Episoodid BLS #6 BLS #5 BLS #4 BLS #3 BLS #2 BLS #1 BLS #6 BLS #5 BLS #4 BLS #3 BLS #2 BLS #1 V\u00f5i kuula RSS.com portaalis https:\/\/player.rss.com\/httpsanchorfms1029f7560podcastrss\/latest","og_url":"https:\/\/balticlive.ee\/en\/podcast\/","og_site_name":"Baltic Live Agency","article_publisher":"https:\/\/www.facebook.com\/kontsertklubi","article_modified_time":"2025-08-28T06:49:55+00:00","og_image":[{"width":2560,"height":1223,"url":"https:\/\/balticlive.ee\/wp-content\/uploads\/bla-podcast-2-scaled.webp","type":"image\/webp"}],"twitter_card":"summary_large_image","twitter_misc":{"Estimated reading time":"1 minute"},"schema":{"@context":"https:\/\/schema.org","@graph":[{"@type":"WebPage","@id":"https:\/\/balticlive.ee\/podcast\/","url":"https:\/\/balticlive.ee\/podcast\/","name":"Podcast | Baltic Live Agency","isPartOf":{"@id":"https:\/\/balticlive.ee\/#website"},"primaryImageOfPage":{"@id":"https:\/\/balticlive.ee\/podcast\/#primaryimage"},"image":{"@id":"https:\/\/balticlive.ee\/podcast\/#primaryimage"},"thumbnailUrl":"https:\/\/balticlive.ee\/wp-content\/uploads\/bla-podcast-2-scaled.webp","datePublished":"2025-03-21T09:16:02+00:00","dateModified":"2025-08-28T06:49:55+00:00","breadcrumb":{"@id":"https:\/\/balticlive.ee\/podcast\/#breadcrumb"},"inLanguage":"en-GB","potentialAction":[{"@type":"ReadAction","target":["https:\/\/balticlive.ee\/podcast\/"]}]},{"@type":"ImageObject","inLanguage":"en-GB","@id":"https:\/\/balticlive.ee\/podcast\/#primaryimage","url":"https:\/\/balticlive.ee\/wp-content\/uploads\/bla-podcast-2-scaled.webp","contentUrl":"https:\/\/balticlive.ee\/wp-content\/uploads\/bla-podcast-2-scaled.webp","width":2560,"height":1223},{"@type":"BreadcrumbList","@id":"https:\/\/balticlive.ee\/podcast\/#breadcrumb","itemListElement":[{"@type":"ListItem","position":1,"name":"Home","item":"https:\/\/balticlive.ee\/"},{"@type":"ListItem","position":2,"name":"Podcast"}]},{"@type":"WebSite","@id":"https:\/\/balticlive.ee\/#website","url":"https:\/\/balticlive.ee\/","name":"Baltic Live Agency","description":"Creating Epic Moments","publisher":{"@id":"https:\/\/balticlive.ee\/#organization"},"potentialAction":[{"@type":"SearchAction","target":{"@type":"EntryPoint","urlTemplate":"https:\/\/balticlive.ee\/?s={search_term_string}"},"query-input":{"@type":"PropertyValueSpecification","valueRequired":true,"valueName":"search_term_string"}}],"inLanguage":"en-GB"},{"@type":"Organization","@id":"https:\/\/balticlive.ee\/#organization","name":"Baltic Live Agency O\u00dc","url":"https:\/\/balticlive.ee\/","logo":{"@type":"ImageObject","inLanguage":"en-GB","@id":"https:\/\/balticlive.ee\/#\/schema\/logo\/image\/","url":"https:\/\/balticlive.ee\/wp-content\/uploads\/bla-dark.png","contentUrl":"https:\/\/balticlive.ee\/wp-content\/uploads\/bla-dark.png","width":2252,"height":1000,"caption":"Baltic Live Agency O\u00dc"},"image":{"@id":"https:\/\/balticlive.ee\/#\/schema\/logo\/image\/"},"sameAs":["https:\/\/www.facebook.com\/kontsertklubi","https:\/\/www.instagram.com\/kontsertklubi"]}]}},"uagb_featured_image_src":{"full":["https:\/\/balticlive.ee\/wp-content\/uploads\/bla-podcast-2-scaled.webp",2560,1223,false],"thumbnail":["https:\/\/balticlive.ee\/wp-content\/uploads\/bla-podcast-2-150x150.webp",150,150,true],"medium":["https:\/\/balticlive.ee\/wp-content\/uploads\/bla-podcast-2-300x143.webp",300,143,true],"medium_large":["https:\/\/balticlive.ee\/wp-content\/uploads\/bla-podcast-2-768x367.webp",768,367,true],"large":["https:\/\/balticlive.ee\/wp-content\/uploads\/bla-podcast-2-1024x489.webp",1024,489,true],"1536x1536":["https:\/\/balticlive.ee\/wp-content\/uploads\/bla-podcast-2-1536x734.webp",1536,734,true],"2048x2048":["https:\/\/balticlive.ee\/wp-content\/uploads\/bla-podcast-2-2048x979.webp",2048,979,true],"trp-custom-language-flag":["https:\/\/balticlive.ee\/wp-content\/uploads\/bla-podcast-2-18x9.webp",18,9,true]},"uagb_author_info":{"display_name":"andrisisask.ee","author_link":"https:\/\/balticlive.ee\/en\/author\/andri\/"},"uagb_comment_info":0,"uagb_excerpt":"Baltic Live Sessions Podcast muusika- ja meelelahutusettev\u00f5tluse sisust ja olust, higist ja pisaratest. Saate k\u00fclalisteks on oma ala kodumaised tipud, kellega vestleb muusikaettev\u00f5tja Henri Lindal. Episoodid BLS #6 BLS #5 BLS #4 BLS #3 BLS #2 BLS #1 BLS #6 BLS #5 BLS #4 BLS #3 BLS #2 BLS #1 V\u00f5i kuula RSS.com portaalis https:\/\/player.rss.com\/httpsanchorfms1029f7560podcastrss\/latest","_links":{"self":[{"href":"https:\/\/balticlive.ee\/en\/wp-json\/wp\/v2\/pages\/4802","targetHints":{"allow":["GET"]}}],"collection":[{"href":"https:\/\/balticlive.ee\/en\/wp-json\/wp\/v2\/pages"}],"about":[{"href":"https:\/\/balticlive.ee\/en\/wp-json\/wp\/v2\/types\/page"}],"author":[{"embeddable":true,"href":"https:\/\/balticlive.ee\/en\/wp-json\/wp\/v2\/users\/5"}],"replies":[{"embeddable":true,"href":"https:\/\/balticlive.ee\/en\/wp-json\/wp\/v2\/comments?post=4802"}],"version-history":[{"count":0,"href":"https:\/\/balticlive.ee\/en\/wp-json\/wp\/v2\/pages\/4802\/revisions"}],"wp:featuredmedia":[{"embeddable":true,"href":"https:\/\/balticlive.ee\/en\/wp-json\/wp\/v2\/media\/4834"}],"wp:attachment":[{"href":"https:\/\/balticlive.ee\/en\/wp-json\/wp\/v2\/media?parent=4802"}],"curies":[{"name":"wp","href":"https:\/\/api.w.org\/{rel}","templated":true}]}}