{"id":4336,"date":"2024-10-11T14:03:23","date_gmt":"2024-10-11T11:03:23","guid":{"rendered":"https:\/\/andrisisask.ee\/balticlive\/?page_id=4336"},"modified":"2024-10-11T14:06:55","modified_gmt":"2024-10-11T11:06:55","slug":"privaatsuspoliitika","status":"publish","type":"page","link":"https:\/\/balticlive.ee\/en\/privaatsuspoliitika\/","title":{"rendered":"Privacy Policy"},"content":{"rendered":"<div data-elementor-type=\"wp-page\" data-elementor-id=\"4336\" class=\"elementor elementor-4336\">\n\t\t\t\t<div class=\"elementor-element elementor-element-8790279 e-flex e-con-boxed e-con e-parent\" data-id=\"8790279\" data-element_type=\"container\" data-e-type=\"container\">\n\t\t\t\t\t<div class=\"e-con-inner\">\n\t\t<div class=\"elementor-element elementor-element-7eba2f9 e-con-full e-flex e-con e-child\" data-id=\"7eba2f9\" data-element_type=\"container\" data-e-type=\"container\">\n\t\t\t\t<div class=\"elementor-element elementor-element-d655dc5 elementor-widget elementor-widget-heading\" data-id=\"d655dc5\" data-element_type=\"widget\" data-e-type=\"widget\" data-widget_type=\"heading.default\">\n\t\t\t\t<div class=\"elementor-widget-container\">\n\t\t\t\t\t<h5 class=\"elementor-heading-title elementor-size-default\">Baltic Live Agency O\u00dc<\/h5>\t\t\t\t<\/div>\n\t\t\t\t<\/div>\n\t\t\t\t<div class=\"elementor-element elementor-element-d49152f elementor-widget elementor-widget-heading\" data-id=\"d49152f\" data-element_type=\"widget\" data-e-type=\"widget\" data-widget_type=\"heading.default\">\n\t\t\t\t<div class=\"elementor-widget-container\">\n\t\t\t\t\t<h2 class=\"elementor-heading-title elementor-size-default\">Privacy Policy<\/h2>\t\t\t\t<\/div>\n\t\t\t\t<\/div>\n\t\t\t\t<\/div>\n\t\t<div class=\"elementor-element elementor-element-2e23c45 e-con-full e-flex e-con e-child\" data-id=\"2e23c45\" data-element_type=\"container\" data-e-type=\"container\">\n\t\t\t\t<div class=\"elementor-element elementor-element-8bbf593 elementor-widget elementor-widget-text-editor\" data-id=\"8bbf593\" data-element_type=\"widget\" data-e-type=\"widget\" data-widget_type=\"text-editor.default\">\n\t\t\t\t<div class=\"elementor-widget-container\">\n\t\t\t\t\t\t\t\t\t<p><span style=\"font-weight: 400;\">Baltic Live Agency O\u00dc (edaspidi \u201eEttev\u00f5te\u201d) p\u00fchendub teie privaatsuse kaitsmisele. See privaatsuspoliitika selgitab, kuidas kogume, kasutame ja kaitseme teie isikuandmeid.<\/span><\/p><p><b style=\"font-style: inherit;\">1. Vastutav t\u00f6\u00f6tleja<\/b><\/p><p><span style=\"font-weight: 400;\">Isikuandmete t\u00f6\u00f6tleja on Baltic Live Agency O\u00dc, registrikoodiga (16076637), asukoht (Narva mnt. 5, Tallinn)<\/span><\/p><p><b style=\"font-style: inherit;\">2. Kogutavad andmed<\/b><\/p><p><span style=\"font-weight: 400;\">Liitudes Konsertklubiga, kogume teie nime ja e-posti aadressi. Need andmed on vajalikud, et saata teile uudiskirju ja infot tulevaste \u00fcrituste kohta.<\/span><\/p><p><b style=\"font-style: inherit;\">3. Andmete kasutamine<\/b><\/p><p><span style=\"font-weight: 400;\">Teie andmeid kasutatakse ainult:<\/span><\/p><ul><li style=\"font-weight: 400;\" aria-level=\"1\"><span style=\"font-weight: 400;\">Teavituste ja uudiskirjade saatmiseks;<\/span><\/li><li style=\"font-weight: 400;\" aria-level=\"1\"><span style=\"font-weight: 400;\">Kontsertklubi haldamiseks.<\/span><\/li><\/ul><p><span style=\"font-weight: 400;\">Me ei jaga teie isikuandmeid kolmandate osapooltega.<\/span><\/p><p><b style=\"font-style: inherit;\">4. Andmete s\u00e4ilitamine<\/b><\/p><p><span style=\"font-weight: 400;\">Kogutud isikuandmeid s\u00e4ilitatakse nii kaua, kuni olete liitunud Konsertklubiga. Kui otsustate klubist lahkuda, kustutame teie andmed meie andmebaasist.<\/span><\/p><p><b style=\"font-style: inherit;\">5. Teie \u00f5igused<\/b><\/p><p><span style=\"font-weight: 400;\">Teil on \u00f5igus:<\/span><\/p><ol><li style=\"font-weight: 400;\" aria-level=\"1\"><span style=\"font-weight: 400;\">P\u00e4\u00e4seda ligi oma isikuandmetele;<\/span><\/li><li style=\"font-weight: 400;\" aria-level=\"1\"><span style=\"font-weight: 400;\">N\u00f5uda andmete parandamist v\u00f5i kustutamist;<\/span><\/li><li style=\"font-weight: 400;\" aria-level=\"1\"><span style=\"font-weight: 400;\">T\u00fchistada n\u00f5usolek andmete t\u00f6\u00f6tlemiseks;<\/span><\/li><li style=\"font-weight: 400;\" aria-level=\"1\"><span style=\"font-weight: 400;\">Esitada kaebus Andmekaitse Inspektsioonile, kui tunnete, et teie \u00f5igusi on rikutud.<\/span><\/li><\/ol><p><b>6. Turvalisus<\/b><\/p><p><span style=\"font-weight: 400;\">Rakendame sobivaid tehnilisi ja korralduslikke meetmeid, et kaitsta teie isikuandmeid volitamata ligip\u00e4\u00e4su, muutmise v\u00f5i h\u00e4vitamise eest.<\/span><\/p><p><b style=\"font-style: inherit;\">7. Privaatsuspoliitika muudatused<\/b><\/p><p><span style=\"font-weight: 400;\">Baltic Live Agency O\u00dc j\u00e4tab endale \u00f5iguse muuta privaatsuspoliitikat igal ajal. K\u00f5ik muudatused j\u00f5ustuvad p\u00e4rast nende avaldamist Veebilehel.<\/span><\/p><p><b style=\"font-style: inherit;\">8. Kontakt<\/b><\/p><p><span style=\"font-weight: 400;\">Kui teil on k\u00fcsimusi privaatsuspoliitika kohta, v\u00f5tke meiega \u00fchendust: info@balticlive.ee<\/span><\/p>\t\t\t\t\t\t\t\t<\/div>\n\t\t\t\t<\/div>\n\t\t\t\t<\/div>\n\t\t\t\t\t<\/div>\n\t\t\t\t<\/div>\n\t\t\t\t<\/div>","protected":false},"excerpt":{"rendered":"<p>Baltic Live Agency O\u00dc Privaatsuspoliitika Baltic Live Agency O\u00dc (edaspidi \u201eEttev\u00f5te\u201d) p\u00fchendub teie privaatsuse kaitsmisele. See privaatsuspoliitika selgitab, kuidas kogume, kasutame ja kaitseme teie isikuandmeid. 1. Vastutav t\u00f6\u00f6tleja Isikuandmete t\u00f6\u00f6tleja on Baltic Live Agency O\u00dc, registrikoodiga (16076637), asukoht (Narva mnt. 5, Tallinn) 2. Kogutavad andmed Liitudes Konsertklubiga, kogume teie nime ja e-posti aadressi. Need andmed [&hellip;]<\/p>\n","protected":false},"author":5,"featured_media":0,"parent":0,"menu_order":0,"comment_status":"closed","ping_status":"closed","template":"","meta":{"_acf_changed":false,"_uag_custom_page_level_css":"","site-sidebar-layout":"no-sidebar","site-content-layout":"page-builder","ast-site-content-layout":"full-width-container","site-content-style":"default","site-sidebar-style":"default","ast-global-header-display":"","ast-banner-title-visibility":"","ast-main-header-display":"","ast-hfb-above-header-display":"","ast-hfb-below-header-display":"","ast-hfb-mobile-header-display":"","site-post-title":"disabled","ast-breadcrumbs-content":"","ast-featured-img":"disabled","footer-sml-layout":"","ast-disable-related-posts":"","theme-transparent-header-meta":"","adv-header-id-meta":"","stick-header-meta":"","header-above-stick-meta":"","header-main-stick-meta":"","header-below-stick-meta":"","astra-migrate-meta-layouts":"set","ast-page-background-enabled":"default","ast-page-background-meta":{"desktop":{"background-color":"var(--ast-global-color-4)","background-image":"","background-repeat":"repeat","background-position":"center center","background-size":"auto","background-attachment":"scroll","background-type":"","background-media":"","overlay-type":"","overlay-color":"","overlay-opacity":"","overlay-gradient":""},"tablet":{"background-color":"","background-image":"","background-repeat":"repeat","background-position":"center center","background-size":"auto","background-attachment":"scroll","background-type":"","background-media":"","overlay-type":"","overlay-color":"","overlay-opacity":"","overlay-gradient":""},"mobile":{"background-color":"","background-image":"","background-repeat":"repeat","background-position":"center center","background-size":"auto","background-attachment":"scroll","background-type":"","background-media":"","overlay-type":"","overlay-color":"","overlay-opacity":"","overlay-gradient":""}},"ast-content-background-meta":{"desktop":{"background-color":"var(--ast-global-color-5)","background-image":"","background-repeat":"repeat","background-position":"center center","background-size":"auto","background-attachment":"scroll","background-type":"","background-media":"","overlay-type":"","overlay-color":"","overlay-opacity":"","overlay-gradient":""},"tablet":{"background-color":"var(--ast-global-color-5)","background-image":"","background-repeat":"repeat","background-position":"center center","background-size":"auto","background-attachment":"scroll","background-type":"","background-media":"","overlay-type":"","overlay-color":"","overlay-opacity":"","overlay-gradient":""},"mobile":{"background-color":"var(--ast-global-color-5)","background-image":"","background-repeat":"repeat","background-position":"center center","background-size":"auto","background-attachment":"scroll","background-type":"","background-media":"","overlay-type":"","overlay-color":"","overlay-opacity":"","overlay-gradient":""}},"footnotes":""},"class_list":["post-4336","page","type-page","status-publish","hentry"],"acf":[],"yoast_head":"<!-- This site is optimized with the Yoast SEO plugin v27.2 - https:\/\/yoast.com\/product\/yoast-seo-wordpress\/ -->\n<title>Privaatsuspoliitika | Baltic Live Agency<\/title>\n<meta name=\"robots\" content=\"index, follow, max-snippet:-1, max-image-preview:large, max-video-preview:-1\" \/>\n<link rel=\"canonical\" href=\"https:\/\/balticlive.ee\/en\/privaatsuspoliitika\/\" \/>\n<meta property=\"og:locale\" content=\"en_GB\" \/>\n<meta property=\"og:type\" content=\"article\" \/>\n<meta property=\"og:title\" content=\"Privaatsuspoliitika | Baltic Live Agency\" \/>\n<meta property=\"og:description\" content=\"Baltic Live Agency O\u00dc Privaatsuspoliitika Baltic Live Agency O\u00dc (edaspidi \u201eEttev\u00f5te\u201d) p\u00fchendub teie privaatsuse kaitsmisele. See privaatsuspoliitika selgitab, kuidas kogume, kasutame ja kaitseme teie isikuandmeid. 1. Vastutav t\u00f6\u00f6tleja Isikuandmete t\u00f6\u00f6tleja on Baltic Live Agency O\u00dc, registrikoodiga (16076637), asukoht (Narva mnt. 5, Tallinn) 2. Kogutavad andmed Liitudes Konsertklubiga, kogume teie nime ja e-posti aadressi. Need andmed [&hellip;]\" \/>\n<meta property=\"og:url\" content=\"https:\/\/balticlive.ee\/en\/privaatsuspoliitika\/\" \/>\n<meta property=\"og:site_name\" content=\"Baltic Live Agency\" \/>\n<meta property=\"article:publisher\" content=\"https:\/\/www.facebook.com\/kontsertklubi\" \/>\n<meta property=\"article:modified_time\" content=\"2024-10-11T11:06:55+00:00\" \/>\n<meta property=\"og:image\" content=\"https:\/\/balticlive.ee\/wp-content\/uploads\/site-image-scaled.jpg\" \/>\n\t<meta property=\"og:image:width\" content=\"2560\" \/>\n\t<meta property=\"og:image:height\" content=\"1479\" \/>\n\t<meta property=\"og:image:type\" content=\"image\/jpeg\" \/>\n<meta name=\"twitter:card\" content=\"summary_large_image\" \/>\n<meta name=\"twitter:label1\" content=\"Estimated reading time\" \/>\n\t<meta name=\"twitter:data1\" content=\"2 minutes\" \/>\n<script type=\"application\/ld+json\" class=\"yoast-schema-graph\">{\"@context\":\"https:\/\/schema.org\",\"@graph\":[{\"@type\":\"WebPage\",\"@id\":\"https:\/\/balticlive.ee\/privaatsuspoliitika\/\",\"url\":\"https:\/\/balticlive.ee\/privaatsuspoliitika\/\",\"name\":\"Privaatsuspoliitika | Baltic Live Agency\",\"isPartOf\":{\"@id\":\"https:\/\/balticlive.ee\/#website\"},\"datePublished\":\"2024-10-11T11:03:23+00:00\",\"dateModified\":\"2024-10-11T11:06:55+00:00\",\"breadcrumb\":{\"@id\":\"https:\/\/balticlive.ee\/privaatsuspoliitika\/#breadcrumb\"},\"inLanguage\":\"en-GB\",\"potentialAction\":[{\"@type\":\"ReadAction\",\"target\":[\"https:\/\/balticlive.ee\/privaatsuspoliitika\/\"]}]},{\"@type\":\"BreadcrumbList\",\"@id\":\"https:\/\/balticlive.ee\/privaatsuspoliitika\/#breadcrumb\",\"itemListElement\":[{\"@type\":\"ListItem\",\"position\":1,\"name\":\"Home\",\"item\":\"https:\/\/balticlive.ee\/\"},{\"@type\":\"ListItem\",\"position\":2,\"name\":\"Privaatsuspoliitika\"}]},{\"@type\":\"WebSite\",\"@id\":\"https:\/\/balticlive.ee\/#website\",\"url\":\"https:\/\/balticlive.ee\/\",\"name\":\"Baltic Live Agency\",\"description\":\"Creating Epic Moments\",\"publisher\":{\"@id\":\"https:\/\/balticlive.ee\/#organization\"},\"potentialAction\":[{\"@type\":\"SearchAction\",\"target\":{\"@type\":\"EntryPoint\",\"urlTemplate\":\"https:\/\/balticlive.ee\/?s={search_term_string}\"},\"query-input\":{\"@type\":\"PropertyValueSpecification\",\"valueRequired\":true,\"valueName\":\"search_term_string\"}}],\"inLanguage\":\"en-GB\"},{\"@type\":\"Organization\",\"@id\":\"https:\/\/balticlive.ee\/#organization\",\"name\":\"Baltic Live Agency O\u00dc\",\"url\":\"https:\/\/balticlive.ee\/\",\"logo\":{\"@type\":\"ImageObject\",\"inLanguage\":\"en-GB\",\"@id\":\"https:\/\/balticlive.ee\/#\/schema\/logo\/image\/\",\"url\":\"https:\/\/balticlive.ee\/wp-content\/uploads\/bla-dark.png\",\"contentUrl\":\"https:\/\/balticlive.ee\/wp-content\/uploads\/bla-dark.png\",\"width\":2252,\"height\":1000,\"caption\":\"Baltic Live Agency O\u00dc\"},\"image\":{\"@id\":\"https:\/\/balticlive.ee\/#\/schema\/logo\/image\/\"},\"sameAs\":[\"https:\/\/www.facebook.com\/kontsertklubi\",\"https:\/\/www.instagram.com\/kontsertklubi\"]}]}<\/script>\n<!-- \/ Yoast SEO plugin. -->","yoast_head_json":{"title":"Privaatsuspoliitika | Baltic Live Agency","robots":{"index":"index","follow":"follow","max-snippet":"max-snippet:-1","max-image-preview":"max-image-preview:large","max-video-preview":"max-video-preview:-1"},"canonical":"https:\/\/balticlive.ee\/en\/privaatsuspoliitika\/","og_locale":"en_GB","og_type":"article","og_title":"Privaatsuspoliitika | Baltic Live Agency","og_description":"Baltic Live Agency O\u00dc Privaatsuspoliitika Baltic Live Agency O\u00dc (edaspidi \u201eEttev\u00f5te\u201d) p\u00fchendub teie privaatsuse kaitsmisele. See privaatsuspoliitika selgitab, kuidas kogume, kasutame ja kaitseme teie isikuandmeid. 1. Vastutav t\u00f6\u00f6tleja Isikuandmete t\u00f6\u00f6tleja on Baltic Live Agency O\u00dc, registrikoodiga (16076637), asukoht (Narva mnt. 5, Tallinn) 2. Kogutavad andmed Liitudes Konsertklubiga, kogume teie nime ja e-posti aadressi. Need andmed [&hellip;]","og_url":"https:\/\/balticlive.ee\/en\/privaatsuspoliitika\/","og_site_name":"Baltic Live Agency","article_publisher":"https:\/\/www.facebook.com\/kontsertklubi","article_modified_time":"2024-10-11T11:06:55+00:00","og_image":[{"width":2560,"height":1479,"url":"https:\/\/balticlive.ee\/wp-content\/uploads\/site-image-scaled.jpg","type":"image\/jpeg"}],"twitter_card":"summary_large_image","twitter_misc":{"Estimated reading time":"2 minutes"},"schema":{"@context":"https:\/\/schema.org","@graph":[{"@type":"WebPage","@id":"https:\/\/balticlive.ee\/privaatsuspoliitika\/","url":"https:\/\/balticlive.ee\/privaatsuspoliitika\/","name":"Privaatsuspoliitika | Baltic Live Agency","isPartOf":{"@id":"https:\/\/balticlive.ee\/#website"},"datePublished":"2024-10-11T11:03:23+00:00","dateModified":"2024-10-11T11:06:55+00:00","breadcrumb":{"@id":"https:\/\/balticlive.ee\/privaatsuspoliitika\/#breadcrumb"},"inLanguage":"en-GB","potentialAction":[{"@type":"ReadAction","target":["https:\/\/balticlive.ee\/privaatsuspoliitika\/"]}]},{"@type":"BreadcrumbList","@id":"https:\/\/balticlive.ee\/privaatsuspoliitika\/#breadcrumb","itemListElement":[{"@type":"ListItem","position":1,"name":"Home","item":"https:\/\/balticlive.ee\/"},{"@type":"ListItem","position":2,"name":"Privaatsuspoliitika"}]},{"@type":"WebSite","@id":"https:\/\/balticlive.ee\/#website","url":"https:\/\/balticlive.ee\/","name":"Baltic Live Agency","description":"Creating Epic Moments","publisher":{"@id":"https:\/\/balticlive.ee\/#organization"},"potentialAction":[{"@type":"SearchAction","target":{"@type":"EntryPoint","urlTemplate":"https:\/\/balticlive.ee\/?s={search_term_string}"},"query-input":{"@type":"PropertyValueSpecification","valueRequired":true,"valueName":"search_term_string"}}],"inLanguage":"en-GB"},{"@type":"Organization","@id":"https:\/\/balticlive.ee\/#organization","name":"Baltic Live Agency O\u00dc","url":"https:\/\/balticlive.ee\/","logo":{"@type":"ImageObject","inLanguage":"en-GB","@id":"https:\/\/balticlive.ee\/#\/schema\/logo\/image\/","url":"https:\/\/balticlive.ee\/wp-content\/uploads\/bla-dark.png","contentUrl":"https:\/\/balticlive.ee\/wp-content\/uploads\/bla-dark.png","width":2252,"height":1000,"caption":"Baltic Live Agency O\u00dc"},"image":{"@id":"https:\/\/balticlive.ee\/#\/schema\/logo\/image\/"},"sameAs":["https:\/\/www.facebook.com\/kontsertklubi","https:\/\/www.instagram.com\/kontsertklubi"]}]}},"uagb_featured_image_src":{"full":false,"thumbnail":false,"medium":false,"medium_large":false,"large":false,"1536x1536":false,"2048x2048":false,"trp-custom-language-flag":false},"uagb_author_info":{"display_name":"andrisisask.ee","author_link":"https:\/\/balticlive.ee\/en\/author\/andri\/"},"uagb_comment_info":0,"uagb_excerpt":"Baltic Live Agency O\u00dc Privaatsuspoliitika Baltic Live Agency O\u00dc (edaspidi \u201eEttev\u00f5te\u201d) p\u00fchendub teie privaatsuse kaitsmisele. See privaatsuspoliitika selgitab, kuidas kogume, kasutame ja kaitseme teie isikuandmeid. 1. Vastutav t\u00f6\u00f6tleja Isikuandmete t\u00f6\u00f6tleja on Baltic Live Agency O\u00dc, registrikoodiga (16076637), asukoht (Narva mnt. 5, Tallinn) 2. Kogutavad andmed Liitudes Konsertklubiga, kogume teie nime ja e-posti aadressi. Need andmed&hellip;","_links":{"self":[{"href":"https:\/\/balticlive.ee\/en\/wp-json\/wp\/v2\/pages\/4336","targetHints":{"allow":["GET"]}}],"collection":[{"href":"https:\/\/balticlive.ee\/en\/wp-json\/wp\/v2\/pages"}],"about":[{"href":"https:\/\/balticlive.ee\/en\/wp-json\/wp\/v2\/types\/page"}],"author":[{"embeddable":true,"href":"https:\/\/balticlive.ee\/en\/wp-json\/wp\/v2\/users\/5"}],"replies":[{"embeddable":true,"href":"https:\/\/balticlive.ee\/en\/wp-json\/wp\/v2\/comments?post=4336"}],"version-history":[{"count":0,"href":"https:\/\/balticlive.ee\/en\/wp-json\/wp\/v2\/pages\/4336\/revisions"}],"wp:attachment":[{"href":"https:\/\/balticlive.ee\/en\/wp-json\/wp\/v2\/media?parent=4336"}],"curies":[{"name":"wp","href":"https:\/\/api.w.org\/{rel}","templated":true}]}}