{"id":4330,"date":"2024-10-11T13:57:55","date_gmt":"2024-10-11T10:57:55","guid":{"rendered":"https:\/\/andrisisask.ee\/balticlive\/?page_id=4330"},"modified":"2024-10-11T14:02:49","modified_gmt":"2024-10-11T11:02:49","slug":"kasutustingimused","status":"publish","type":"page","link":"https:\/\/balticlive.ee\/en\/kasutustingimused\/","title":{"rendered":"Terms and Conditions"},"content":{"rendered":"<div data-elementor-type=\"wp-page\" data-elementor-id=\"4330\" class=\"elementor elementor-4330\">\n\t\t\t\t<div class=\"elementor-element elementor-element-8790279 e-flex e-con-boxed e-con e-parent\" data-id=\"8790279\" data-element_type=\"container\" data-e-type=\"container\">\n\t\t\t\t\t<div class=\"e-con-inner\">\n\t\t<div class=\"elementor-element elementor-element-7eba2f9 e-con-full e-flex e-con e-child\" data-id=\"7eba2f9\" data-element_type=\"container\" data-e-type=\"container\">\n\t\t\t\t<div class=\"elementor-element elementor-element-d655dc5 elementor-widget elementor-widget-heading\" data-id=\"d655dc5\" data-element_type=\"widget\" data-e-type=\"widget\" data-widget_type=\"heading.default\">\n\t\t\t\t<div class=\"elementor-widget-container\">\n\t\t\t\t\t<h5 class=\"elementor-heading-title elementor-size-default\">Baltic Live Agency O\u00dc<\/h5>\t\t\t\t<\/div>\n\t\t\t\t<\/div>\n\t\t\t\t<div class=\"elementor-element elementor-element-d49152f elementor-widget elementor-widget-heading\" data-id=\"d49152f\" data-element_type=\"widget\" data-e-type=\"widget\" data-widget_type=\"heading.default\">\n\t\t\t\t<div class=\"elementor-widget-container\">\n\t\t\t\t\t<h2 class=\"elementor-heading-title elementor-size-default\">KASUTUSTINGIMUSED<\/h2>\t\t\t\t<\/div>\n\t\t\t\t<\/div>\n\t\t\t\t<\/div>\n\t\t<div class=\"elementor-element elementor-element-2e23c45 e-con-full e-flex e-con e-child\" data-id=\"2e23c45\" data-element_type=\"container\" data-e-type=\"container\">\n\t\t\t\t<div class=\"elementor-element elementor-element-8bbf593 elementor-widget elementor-widget-text-editor\" data-id=\"8bbf593\" data-element_type=\"widget\" data-e-type=\"widget\" data-widget_type=\"text-editor.default\">\n\t\t\t\t<div class=\"elementor-widget-container\">\n\t\t\t\t\t\t\t\t\t<p><span style=\"font-weight: 400;\">Tere tulemast Baltic Live Agency O\u00dc veebilehele (edaspidi \u201eVeebileht\u201d). Kasutades meie Veebilehte ja teenuseid, n\u00f5ustute j\u00e4rgmiste tingimustega. Kui Te ei n\u00f5ustu nende tingimustega, palun \u00e4rge kasutage meie Veebilehte.<\/span><\/p><p><b style=\"font-style: inherit;\">1. Teenuse kirjeldus<\/b><\/p><p><span style=\"font-weight: 400;\">Baltic Live Agency O\u00dc korraldab kontserte ja \u00fcritusi. Meie Veebileht pakub teavet tulevaste \u00fcrituste kohta ja v\u00f5imaldab kasutajatel liituda Konsertklubiga, mille raames saadetakse liitujatele uudiskirju.<\/span><\/p><p><b style=\"font-style: inherit;\">2. Kasutaja registreerimine<\/b><\/p><p><span style=\"font-weight: 400;\">Kasutajad saavad liituda Konsertklubiga, t\u00e4ites registreerimisvormi. Registreerumisel peate esitama t\u00e4psed ja kehtivad andmed (nimi ja e-posti aadress). Kasutaja vastutab esitatud andmete \u00f5igsuse eest.<\/span><\/p><p><b style=\"font-style: inherit;\">3. Intellektuaalne omand<\/b><\/p><p><span style=\"font-weight: 400;\">Kogu Veebilehe sisu, sealhulgas tekstid, pildid, graafika, logod ja muu materjal, kuuluvad Baltic Live Agency O\u00dc-le v\u00f5i on kasutusel ettev\u00f5tte loal. Veebilehe sisu reprodutseerimine, levitamine v\u00f5i avalik esitamine ilma eelneva kirjaliku loata on keelatud.<\/span><\/p><p><b style=\"font-style: inherit;\">4. Vastutuse piirang<\/b><\/p><p><span style=\"font-weight: 400;\">Baltic Live Agency O\u00dc ei vastuta mis tahes kahjude v\u00f5i probleemide eest, mis v\u00f5ivad tekkida Veebilehe kasutamise tulemusena. Samuti ei vastuta me kolmandate osapoolte poolt pakutavate teenuste v\u00f5i toodete eest.<\/span><\/p><p><b style=\"font-style: inherit;\">5. Muudatused ja l\u00f5petamine<\/b><\/p><p><span style=\"font-weight: 400;\">Baltic Live Agency O\u00dc j\u00e4tab endale \u00f5iguse igal ajal muuta v\u00f5i ajakohastada k\u00e4esolevaid kasutustingimusi. Kasutajad on kohustatud regulaarselt tingimustega tutvuma.<\/span><\/p><p><b style=\"font-style: inherit;\">6. Kohaldatav \u00f5igus<\/b><\/p><p><span style=\"font-weight: 400;\">K\u00e4esolevad kasutustingimused on koostatud vastavalt Eesti Vabariigi seadustele. K\u00f5ik vaidlused lahendatakse Eesti kohtutes.<\/span><\/p>\t\t\t\t\t\t\t\t<\/div>\n\t\t\t\t<\/div>\n\t\t\t\t<\/div>\n\t\t\t\t\t<\/div>\n\t\t\t\t<\/div>\n\t\t\t\t<\/div>","protected":false},"excerpt":{"rendered":"<p>Baltic Live Agency O\u00dc KASUTUSTINGIMUSED Tere tulemast Baltic Live Agency O\u00dc veebilehele (edaspidi \u201eVeebileht\u201d). Kasutades meie Veebilehte ja teenuseid, n\u00f5ustute j\u00e4rgmiste tingimustega. Kui Te ei n\u00f5ustu nende tingimustega, palun \u00e4rge kasutage meie Veebilehte. 1. Teenuse kirjeldus Baltic Live Agency O\u00dc korraldab kontserte ja \u00fcritusi. Meie Veebileht pakub teavet tulevaste \u00fcrituste kohta ja v\u00f5imaldab kasutajatel liituda [&hellip;]<\/p>\n","protected":false},"author":5,"featured_media":0,"parent":0,"menu_order":0,"comment_status":"closed","ping_status":"closed","template":"","meta":{"_acf_changed":false,"_uag_custom_page_level_css":"","site-sidebar-layout":"no-sidebar","site-content-layout":"page-builder","ast-site-content-layout":"full-width-container","site-content-style":"default","site-sidebar-style":"default","ast-global-header-display":"","ast-banner-title-visibility":"","ast-main-header-display":"","ast-hfb-above-header-display":"","ast-hfb-below-header-display":"","ast-hfb-mobile-header-display":"","site-post-title":"disabled","ast-breadcrumbs-content":"","ast-featured-img":"disabled","footer-sml-layout":"","ast-disable-related-posts":"","theme-transparent-header-meta":"","adv-header-id-meta":"","stick-header-meta":"","header-above-stick-meta":"","header-main-stick-meta":"","header-below-stick-meta":"","astra-migrate-meta-layouts":"set","ast-page-background-enabled":"default","ast-page-background-meta":{"desktop":{"background-color":"var(--ast-global-color-4)","background-image":"","background-repeat":"repeat","background-position":"center center","background-size":"auto","background-attachment":"scroll","background-type":"","background-media":"","overlay-type":"","overlay-color":"","overlay-opacity":"","overlay-gradient":""},"tablet":{"background-color":"","background-image":"","background-repeat":"repeat","background-position":"center center","background-size":"auto","background-attachment":"scroll","background-type":"","background-media":"","overlay-type":"","overlay-color":"","overlay-opacity":"","overlay-gradient":""},"mobile":{"background-color":"","background-image":"","background-repeat":"repeat","background-position":"center center","background-size":"auto","background-attachment":"scroll","background-type":"","background-media":"","overlay-type":"","overlay-color":"","overlay-opacity":"","overlay-gradient":""}},"ast-content-background-meta":{"desktop":{"background-color":"var(--ast-global-color-5)","background-image":"","background-repeat":"repeat","background-position":"center center","background-size":"auto","background-attachment":"scroll","background-type":"","background-media":"","overlay-type":"","overlay-color":"","overlay-opacity":"","overlay-gradient":""},"tablet":{"background-color":"var(--ast-global-color-5)","background-image":"","background-repeat":"repeat","background-position":"center center","background-size":"auto","background-attachment":"scroll","background-type":"","background-media":"","overlay-type":"","overlay-color":"","overlay-opacity":"","overlay-gradient":""},"mobile":{"background-color":"var(--ast-global-color-5)","background-image":"","background-repeat":"repeat","background-position":"center center","background-size":"auto","background-attachment":"scroll","background-type":"","background-media":"","overlay-type":"","overlay-color":"","overlay-opacity":"","overlay-gradient":""}},"footnotes":""},"class_list":["post-4330","page","type-page","status-publish","hentry"],"acf":[],"yoast_head":"<!-- This site is optimized with the Yoast SEO plugin v27.2 - https:\/\/yoast.com\/product\/yoast-seo-wordpress\/ -->\n<title>Kasutustingimused | Baltic Live Agency<\/title>\n<meta name=\"robots\" content=\"index, follow, max-snippet:-1, max-image-preview:large, max-video-preview:-1\" \/>\n<link rel=\"canonical\" href=\"https:\/\/balticlive.ee\/en\/kasutustingimused\/\" \/>\n<meta property=\"og:locale\" content=\"en_GB\" \/>\n<meta property=\"og:type\" content=\"article\" \/>\n<meta property=\"og:title\" content=\"Kasutustingimused | Baltic Live Agency\" \/>\n<meta property=\"og:description\" content=\"Baltic Live Agency O\u00dc KASUTUSTINGIMUSED Tere tulemast Baltic Live Agency O\u00dc veebilehele (edaspidi \u201eVeebileht\u201d). Kasutades meie Veebilehte ja teenuseid, n\u00f5ustute j\u00e4rgmiste tingimustega. Kui Te ei n\u00f5ustu nende tingimustega, palun \u00e4rge kasutage meie Veebilehte. 1. Teenuse kirjeldus Baltic Live Agency O\u00dc korraldab kontserte ja \u00fcritusi. Meie Veebileht pakub teavet tulevaste \u00fcrituste kohta ja v\u00f5imaldab kasutajatel liituda [&hellip;]\" \/>\n<meta property=\"og:url\" content=\"https:\/\/balticlive.ee\/en\/kasutustingimused\/\" \/>\n<meta property=\"og:site_name\" content=\"Baltic Live Agency\" \/>\n<meta property=\"article:publisher\" content=\"https:\/\/www.facebook.com\/kontsertklubi\" \/>\n<meta property=\"article:modified_time\" content=\"2024-10-11T11:02:49+00:00\" \/>\n<meta property=\"og:image\" content=\"https:\/\/balticlive.ee\/wp-content\/uploads\/site-image-scaled.jpg\" \/>\n\t<meta property=\"og:image:width\" content=\"2560\" \/>\n\t<meta property=\"og:image:height\" content=\"1479\" \/>\n\t<meta property=\"og:image:type\" content=\"image\/jpeg\" \/>\n<meta name=\"twitter:card\" content=\"summary_large_image\" \/>\n<meta name=\"twitter:label1\" content=\"Estimated reading time\" \/>\n\t<meta name=\"twitter:data1\" content=\"2 minutes\" \/>\n<script type=\"application\/ld+json\" class=\"yoast-schema-graph\">{\"@context\":\"https:\/\/schema.org\",\"@graph\":[{\"@type\":\"WebPage\",\"@id\":\"https:\/\/balticlive.ee\/kasutustingimused\/\",\"url\":\"https:\/\/balticlive.ee\/kasutustingimused\/\",\"name\":\"Kasutustingimused | Baltic Live Agency\",\"isPartOf\":{\"@id\":\"https:\/\/balticlive.ee\/#website\"},\"datePublished\":\"2024-10-11T10:57:55+00:00\",\"dateModified\":\"2024-10-11T11:02:49+00:00\",\"breadcrumb\":{\"@id\":\"https:\/\/balticlive.ee\/kasutustingimused\/#breadcrumb\"},\"inLanguage\":\"en-GB\",\"potentialAction\":[{\"@type\":\"ReadAction\",\"target\":[\"https:\/\/balticlive.ee\/kasutustingimused\/\"]}]},{\"@type\":\"BreadcrumbList\",\"@id\":\"https:\/\/balticlive.ee\/kasutustingimused\/#breadcrumb\",\"itemListElement\":[{\"@type\":\"ListItem\",\"position\":1,\"name\":\"Home\",\"item\":\"https:\/\/balticlive.ee\/\"},{\"@type\":\"ListItem\",\"position\":2,\"name\":\"Kasutustingimused\"}]},{\"@type\":\"WebSite\",\"@id\":\"https:\/\/balticlive.ee\/#website\",\"url\":\"https:\/\/balticlive.ee\/\",\"name\":\"Baltic Live Agency\",\"description\":\"Creating Epic Moments\",\"publisher\":{\"@id\":\"https:\/\/balticlive.ee\/#organization\"},\"potentialAction\":[{\"@type\":\"SearchAction\",\"target\":{\"@type\":\"EntryPoint\",\"urlTemplate\":\"https:\/\/balticlive.ee\/?s={search_term_string}\"},\"query-input\":{\"@type\":\"PropertyValueSpecification\",\"valueRequired\":true,\"valueName\":\"search_term_string\"}}],\"inLanguage\":\"en-GB\"},{\"@type\":\"Organization\",\"@id\":\"https:\/\/balticlive.ee\/#organization\",\"name\":\"Baltic Live Agency O\u00dc\",\"url\":\"https:\/\/balticlive.ee\/\",\"logo\":{\"@type\":\"ImageObject\",\"inLanguage\":\"en-GB\",\"@id\":\"https:\/\/balticlive.ee\/#\/schema\/logo\/image\/\",\"url\":\"https:\/\/balticlive.ee\/wp-content\/uploads\/bla-dark.png\",\"contentUrl\":\"https:\/\/balticlive.ee\/wp-content\/uploads\/bla-dark.png\",\"width\":2252,\"height\":1000,\"caption\":\"Baltic Live Agency O\u00dc\"},\"image\":{\"@id\":\"https:\/\/balticlive.ee\/#\/schema\/logo\/image\/\"},\"sameAs\":[\"https:\/\/www.facebook.com\/kontsertklubi\",\"https:\/\/www.instagram.com\/kontsertklubi\"]}]}<\/script>\n<!-- \/ Yoast SEO plugin. -->","yoast_head_json":{"title":"Kasutustingimused | Baltic Live Agency","robots":{"index":"index","follow":"follow","max-snippet":"max-snippet:-1","max-image-preview":"max-image-preview:large","max-video-preview":"max-video-preview:-1"},"canonical":"https:\/\/balticlive.ee\/en\/kasutustingimused\/","og_locale":"en_GB","og_type":"article","og_title":"Kasutustingimused | Baltic Live Agency","og_description":"Baltic Live Agency O\u00dc KASUTUSTINGIMUSED Tere tulemast Baltic Live Agency O\u00dc veebilehele (edaspidi \u201eVeebileht\u201d). Kasutades meie Veebilehte ja teenuseid, n\u00f5ustute j\u00e4rgmiste tingimustega. Kui Te ei n\u00f5ustu nende tingimustega, palun \u00e4rge kasutage meie Veebilehte. 1. Teenuse kirjeldus Baltic Live Agency O\u00dc korraldab kontserte ja \u00fcritusi. Meie Veebileht pakub teavet tulevaste \u00fcrituste kohta ja v\u00f5imaldab kasutajatel liituda [&hellip;]","og_url":"https:\/\/balticlive.ee\/en\/kasutustingimused\/","og_site_name":"Baltic Live Agency","article_publisher":"https:\/\/www.facebook.com\/kontsertklubi","article_modified_time":"2024-10-11T11:02:49+00:00","og_image":[{"width":2560,"height":1479,"url":"https:\/\/balticlive.ee\/wp-content\/uploads\/site-image-scaled.jpg","type":"image\/jpeg"}],"twitter_card":"summary_large_image","twitter_misc":{"Estimated reading time":"2 minutes"},"schema":{"@context":"https:\/\/schema.org","@graph":[{"@type":"WebPage","@id":"https:\/\/balticlive.ee\/kasutustingimused\/","url":"https:\/\/balticlive.ee\/kasutustingimused\/","name":"Kasutustingimused | Baltic Live Agency","isPartOf":{"@id":"https:\/\/balticlive.ee\/#website"},"datePublished":"2024-10-11T10:57:55+00:00","dateModified":"2024-10-11T11:02:49+00:00","breadcrumb":{"@id":"https:\/\/balticlive.ee\/kasutustingimused\/#breadcrumb"},"inLanguage":"en-GB","potentialAction":[{"@type":"ReadAction","target":["https:\/\/balticlive.ee\/kasutustingimused\/"]}]},{"@type":"BreadcrumbList","@id":"https:\/\/balticlive.ee\/kasutustingimused\/#breadcrumb","itemListElement":[{"@type":"ListItem","position":1,"name":"Home","item":"https:\/\/balticlive.ee\/"},{"@type":"ListItem","position":2,"name":"Kasutustingimused"}]},{"@type":"WebSite","@id":"https:\/\/balticlive.ee\/#website","url":"https:\/\/balticlive.ee\/","name":"Baltic Live Agency","description":"Creating Epic Moments","publisher":{"@id":"https:\/\/balticlive.ee\/#organization"},"potentialAction":[{"@type":"SearchAction","target":{"@type":"EntryPoint","urlTemplate":"https:\/\/balticlive.ee\/?s={search_term_string}"},"query-input":{"@type":"PropertyValueSpecification","valueRequired":true,"valueName":"search_term_string"}}],"inLanguage":"en-GB"},{"@type":"Organization","@id":"https:\/\/balticlive.ee\/#organization","name":"Baltic Live Agency O\u00dc","url":"https:\/\/balticlive.ee\/","logo":{"@type":"ImageObject","inLanguage":"en-GB","@id":"https:\/\/balticlive.ee\/#\/schema\/logo\/image\/","url":"https:\/\/balticlive.ee\/wp-content\/uploads\/bla-dark.png","contentUrl":"https:\/\/balticlive.ee\/wp-content\/uploads\/bla-dark.png","width":2252,"height":1000,"caption":"Baltic Live Agency O\u00dc"},"image":{"@id":"https:\/\/balticlive.ee\/#\/schema\/logo\/image\/"},"sameAs":["https:\/\/www.facebook.com\/kontsertklubi","https:\/\/www.instagram.com\/kontsertklubi"]}]}},"uagb_featured_image_src":{"full":false,"thumbnail":false,"medium":false,"medium_large":false,"large":false,"1536x1536":false,"2048x2048":false,"trp-custom-language-flag":false},"uagb_author_info":{"display_name":"andrisisask.ee","author_link":"https:\/\/balticlive.ee\/en\/author\/andri\/"},"uagb_comment_info":0,"uagb_excerpt":"Baltic Live Agency O\u00dc KASUTUSTINGIMUSED Tere tulemast Baltic Live Agency O\u00dc veebilehele (edaspidi \u201eVeebileht\u201d). Kasutades meie Veebilehte ja teenuseid, n\u00f5ustute j\u00e4rgmiste tingimustega. Kui Te ei n\u00f5ustu nende tingimustega, palun \u00e4rge kasutage meie Veebilehte. 1. Teenuse kirjeldus Baltic Live Agency O\u00dc korraldab kontserte ja \u00fcritusi. Meie Veebileht pakub teavet tulevaste \u00fcrituste kohta ja v\u00f5imaldab kasutajatel liituda&hellip;","_links":{"self":[{"href":"https:\/\/balticlive.ee\/en\/wp-json\/wp\/v2\/pages\/4330","targetHints":{"allow":["GET"]}}],"collection":[{"href":"https:\/\/balticlive.ee\/en\/wp-json\/wp\/v2\/pages"}],"about":[{"href":"https:\/\/balticlive.ee\/en\/wp-json\/wp\/v2\/types\/page"}],"author":[{"embeddable":true,"href":"https:\/\/balticlive.ee\/en\/wp-json\/wp\/v2\/users\/5"}],"replies":[{"embeddable":true,"href":"https:\/\/balticlive.ee\/en\/wp-json\/wp\/v2\/comments?post=4330"}],"version-history":[{"count":0,"href":"https:\/\/balticlive.ee\/en\/wp-json\/wp\/v2\/pages\/4330\/revisions"}],"wp:attachment":[{"href":"https:\/\/balticlive.ee\/en\/wp-json\/wp\/v2\/media?parent=4330"}],"curies":[{"name":"wp","href":"https:\/\/api.w.org\/{rel}","templated":true}]}}